{"id":1441,"date":"2020-02-17T08:06:35","date_gmt":"2020-02-17T07:06:35","guid":{"rendered":"http:\/\/sfs-archery.de\/?page_id=1441"},"modified":"2020-08-17T08:08:53","modified_gmt":"2020-08-17T06:08:53","slug":"eiac-2022","status":"publish","type":"page","link":"https:\/\/sfs-archery.de\/?page_id=1441","title":{"rendered":"EIAC -Europameisterschaft im Hallenbogensport (IFAA)"},"content":{"rendered":"<div id=\"pl-1441\"  class=\"panel-layout\" ><div id=\"pg-1441-0\"  class=\"panel-grid panel-no-style\" ><div id=\"pgc-1441-0-0\"  class=\"panel-grid-cell\" ><div id=\"panel-1441-0-0-0\" class=\"so-panel widget widget_sow-headline panel-first-child\" data-index=\"0\" ><div\n\t\t\t\n\t\t\tclass=\"so-widget-sow-headline so-widget-sow-headline-default-ea0af4cf39ae-1441\"\n\t\t\t\n\t\t><div class=\"sow-headline-container \">\n\t\t\t\t\t\t\t<h1 class=\"sow-headline\">\n\t\t\t\t\t\tEIAC \/ EUROPEAN INDOOR ARCHERY CHAMPIONSHIPS\t\t\t\t\t\t<\/h1>\n\t\t\t\t\t\t\t\t\t\t\t\t<h3 class=\"sow-sub-headline\">\n\t\t\t\t\t\tMein neues Ziel im Bogensport. Die Teilnahme an der Euopameisterschaft im Hallenbogenschie\u00dfen im Jahr 2022!\t\t\t\t\t\t<\/h3>\n\t\t\t\t\t\t\t\t\t\t\t<div class=\"decoration\">\n\t\t\t\t\t\t<div class=\"decoration-inside\"><\/div>\n\t\t\t\t\t<\/div>\n\t\t\t\t\t<\/div>\n<\/div><\/div><div id=\"panel-1441-0-0-1\" class=\"so-panel widget widget_sow-image\" data-index=\"1\" ><div\n\t\t\t\n\t\t\tclass=\"so-widget-sow-image so-widget-sow-image-default-113ccd71f3e6-1441\"\n\t\t\t\n\t\t>\n<div class=\"sow-image-container\">\n\t\t<img \n\tsrc=\"https:\/\/sfs-archery.de\/wp-content\/uploads\/2020\/02\/AdobeStock_244585595.jpeg\" width=\"1500\" height=\"379\" srcset=\"https:\/\/sfs-archery.de\/wp-content\/uploads\/2020\/02\/AdobeStock_244585595.jpeg 1500w, https:\/\/sfs-archery.de\/wp-content\/uploads\/2020\/02\/AdobeStock_244585595-300x76.jpeg 300w, https:\/\/sfs-archery.de\/wp-content\/uploads\/2020\/02\/AdobeStock_244585595-1024x259.jpeg 1024w, https:\/\/sfs-archery.de\/wp-content\/uploads\/2020\/02\/AdobeStock_244585595-768x194.jpeg 768w\" sizes=\"(max-width: 1500px) 100vw, 1500px\" title=\"Zeit fuer neues\" alt=\"Zeit fuer neues. Weg zum Horizont.\" \t\tclass=\"so-widget-image\"\/>\n\t<\/div>\n\n<\/div><\/div><div id=\"panel-1441-0-0-2\" class=\"so-panel widget widget_sow-editor panel-last-child\" data-index=\"2\" ><div\n\t\t\t\n\t\t\tclass=\"so-widget-sow-editor so-widget-sow-editor-base\"\n\t\t\t\n\t\t><h3 class=\"widget-title\">Nach der EBHC 2020 ist vor der EIAC 2022<\/h3>\n<div class=\"siteorigin-widget-tinymce textwidget\">\n\t<p>Ich hatte mir vorgenommen im Jahr 2020 an der EBHC (Europameisterschaft 3D in Frankreich) teilzunehmen. Dieses Vorhaben befindet sich nun auf der Zielgeraden. Auch wenn dank Corona sich das Turnier um ein Jahr verschoben hat.<br \/>\nDie Registrierung ist abgeschlossen, ich bin auf\u00a0 der Starterliste und auch meine k\u00f6rperliche Fitness ist soweit das ich das Event durchstehe. Jetzt muss ich nur noch Bogenschie\u00dfen lernen \ud83d\ude42<br \/>\nMehr dazu findet ihr auf ist meiner Unterseite zur <a href=\"http:\/\/sfs-archery.de\/?page_id=363\">EBHC<\/a> 2020 . <\/p>\n<\/div>\n<\/div><\/div><\/div><\/div><div id=\"pg-1441-1\"  class=\"panel-grid panel-no-style\" ><div id=\"pgc-1441-1-0\"  class=\"panel-grid-cell\" ><div id=\"panel-1441-1-0-0\" class=\"so-panel widget widget_sow-headline panel-first-child\" data-index=\"3\" ><div\n\t\t\t\n\t\t\tclass=\"so-widget-sow-headline so-widget-sow-headline-default-eb58c90b4a68-1441\"\n\t\t\t\n\t\t><div class=\"sow-headline-container \">\n\t\t\t\t\t\t\t<h2 class=\"sow-headline\">\n\t\t\t\t\t\tZeit f\u00fcr das neue Ziel: Die EIAC 2022 (Halleneuropameisterschaft Bogen 2022)\t\t\t\t\t\t<\/h2>\n\t\t\t\t\t\t\t\t\t\t\t\t<h3 class=\"sow-sub-headline\">\n\t\t\t\t\t\tViel unbekanntes aber jetzt schon Vorfreude\t\t\t\t\t\t<\/h3>\n\t\t\t\t\t\t\t\t\t\t\t<div class=\"decoration\">\n\t\t\t\t\t\t<div class=\"decoration-inside\"><\/div>\n\t\t\t\t\t<\/div>\n\t\t\t\t\t<\/div>\n<\/div><\/div><div id=\"panel-1441-1-0-1\" class=\"so-panel widget widget_sow-image\" data-index=\"4\" ><div\n\t\t\t\n\t\t\tclass=\"so-widget-sow-image so-widget-sow-image-default-c67d20f9f743-1441\"\n\t\t\t\n\t\t>\n<div class=\"sow-image-container\">\n\t\t<img \n\tsrc=\"https:\/\/sfs-archery.de\/wp-content\/uploads\/2020\/01\/IMG_20200112_075318_edited-1.jpg\" width=\"1500\" height=\"305\" srcset=\"https:\/\/sfs-archery.de\/wp-content\/uploads\/2020\/01\/IMG_20200112_075318_edited-1.jpg 1500w, https:\/\/sfs-archery.de\/wp-content\/uploads\/2020\/01\/IMG_20200112_075318_edited-1-300x61.jpg 300w, https:\/\/sfs-archery.de\/wp-content\/uploads\/2020\/01\/IMG_20200112_075318_edited-1-1024x208.jpg 1024w, https:\/\/sfs-archery.de\/wp-content\/uploads\/2020\/01\/IMG_20200112_075318_edited-1-768x156.jpg 768w\" sizes=\"(max-width: 1500px) 100vw, 1500px\" title=\"IMG_20200112_075318_edited (1)\" alt=\"Zielscheiben in der Halle f\u00fcr das Bogenschie\u00dfen.\" \t\tclass=\"so-widget-image\"\/>\n\t<\/div>\n\n<\/div><\/div><div id=\"panel-1441-1-0-2\" class=\"so-panel widget widget_sow-editor panel-last-child\" data-index=\"5\" ><div\n\t\t\t\n\t\t\tclass=\"so-widget-sow-editor so-widget-sow-editor-base\"\n\t\t\t\n\t\t><h3 class=\"widget-title\">Das besondere Hallen-Event<\/h3>\n<div class=\"siteorigin-widget-tinymce textwidget\">\n\t<p>Das Prinzip der Hallenmeisterschaften nach IFAA Regeln ist mir bekannt. Ich habe schon an diversen nationalen Hallen-Events teilgenommen. Die EIAC ist dabei jedoch noch mal etwas besonderes. Nicht nur der Austragungsort ist besonderes, sondern auch die Art des Wettkampfs. Die EIAC findet, wie die meisten Europameisterschaften der IFAA, alle zwei Jahre statt. Im Jahr 2020 war Nordirland der Ausrichter.<br \/>\nDie EIAC 2016\u00a0 fand in Spanien und die EIAC 2018 in Ungarn statt.<\/p>\n<p>Der Austragungsort f\u00fcr die EIAC 2022 ist aktuell noch nicht bekannt. Favorit ist aktuell Finnland. Lassen wir uns \u00fcberraschen.<\/p>\n<p><strong>Die EIAC (European Indoor Archery Championships \/ Europameisterschaft im Hallenbogenschie\u00dfen der IFAA)<\/strong><\/p>\n<p>Die EIAC ist ein Mehrtagesturnier und findet im Regelfall im Fr\u00fchjahr statt (Februar oder M\u00e4rz). Insgesamt geht das Turnier vier Tage. Jeder Bogensch\u00fctze schie\u00dft an drei Tagen. Ein Tag ist Ruhetag.<br \/>\nDer Austragungsmodus ist dabei meist wie folgt aufgeteilt.<\/p>\n<ul>\n<li>Runde 1: Standard-Hallenrunde (IFAA Indoor Round)<\/li>\n<li>Runde 2: Flint \u2013 Hallenrunde<\/li>\n<li>Runde 3: Standard-Hallenrunde (IFAA Indoor Round)<\/li>\n<\/ul>\n<p>Die Standard-Hallenrunde kenne ich von den nationalen Regionalmeisterschaften des DFBV. Dabei schie\u00dft man 2x sechs Passen mit je 5 Pfeilen auf eine 20 Yards entfernte <a href=\"https:\/\/sfs-archery.de\/?p=3329\">Zielscheibe<\/a>. (Summe: 60 Pfeile)<\/p>\n<p><strong>Aber was ist eine Flint-Runde??<\/strong><\/p>\n<p>&nbsp;<\/p>\n<\/div>\n<\/div><\/div><\/div><\/div><div id=\"pg-1441-2\"  class=\"panel-grid panel-no-style\" ><div id=\"pgc-1441-2-0\"  class=\"panel-grid-cell\" ><div id=\"panel-1441-2-0-0\" class=\"so-panel widget widget_sow-image panel-first-child panel-last-child\" data-index=\"6\" ><div\n\t\t\t\n\t\t\tclass=\"so-widget-sow-image so-widget-sow-image-default-c67d20f9f743-1441\"\n\t\t\t\n\t\t>\n<div class=\"sow-image-container\">\n\t\t<img \n\tsrc=\"https:\/\/sfs-archery.de\/wp-content\/uploads\/2020\/02\/AdobeStock_201985012.jpeg\" width=\"1500\" height=\"500\" srcset=\"https:\/\/sfs-archery.de\/wp-content\/uploads\/2020\/02\/AdobeStock_201985012.jpeg 1500w, https:\/\/sfs-archery.de\/wp-content\/uploads\/2020\/02\/AdobeStock_201985012-300x100.jpeg 300w, https:\/\/sfs-archery.de\/wp-content\/uploads\/2020\/02\/AdobeStock_201985012-1024x341.jpeg 1024w, https:\/\/sfs-archery.de\/wp-content\/uploads\/2020\/02\/AdobeStock_201985012-768x256.jpeg 768w\" sizes=\"(max-width: 1500px) 100vw, 1500px\" title=\"unbekannt\" alt=\"Mann mit Fragezeichen\" \t\tclass=\"so-widget-image\"\/>\n\t<\/div>\n\n<\/div><\/div><\/div><\/div><div id=\"pg-1441-3\"  class=\"panel-grid panel-no-style\" ><div id=\"pgc-1441-3-0\"  class=\"panel-grid-cell\" ><div id=\"panel-1441-3-0-0\" class=\"so-panel widget widget_sow-editor panel-first-child panel-last-child\" data-index=\"7\" ><div\n\t\t\t\n\t\t\tclass=\"so-widget-sow-editor so-widget-sow-editor-base\"\n\t\t\t\n\t\t>\n<div class=\"siteorigin-widget-tinymce textwidget\">\n\t<p><strong>Flint-Runde: Die \"unbekannte\" Hallendisziplin<\/strong><br \/>\nDie Flint-Runde d\u00fcrfte wohl den meisten Sch\u00fctzen eher unbekannt sein . Dabei ist diese Disziplin sehr interessant. Bei der bekanntesten Hallenbogensdisziplin schie\u00dft man eine Menge an Pfeilen auf ein Ziel das immer die selbe Entfernung hat. z.B. bei der Kreimeisterschaft des Sch\u00fctzenbundes auf ein Ziel in 18m Entfernung. Bei der Flint-Runde schie\u00dft man dagegen abwechselnd auf unterschiedliche Entfernungen.<\/p>\n<p>In Summe schie\u00dft man sieben Passen mit je 4 Pfeilen. Die Entfernungen je Passe sind dabei wie folgt:<\/p>\n<ul>\n<li>1. Passe: Alle Pfeile auf ein Ziel in 25 Yards Entfernung (ca. 22,8m)<\/li>\n<li>2. Passe: Alle Pfeile auf ein Ziel in 20 Fu\u00df Entfernung (ca. 6,1m)<\/li>\n<li>3. Passe: Alle Pfeile auf ein Ziel in 30 Yards Entfernung (ca. 27,4m)<\/li>\n<li>4. Passe: Alle Pfeile auf ein Ziel in 15 Yards Entfernung (ca. 13,7m)<\/li>\n<li>5. Passe: Alle Pfeile auf ein Ziel in 20 Yards Entfernung (ca. 18,3m)<\/li>\n<li>6. Passe: Alle Pfeile auf ein Ziel in 10 Yards Entfernung (ca. 9,1m)<\/li>\n<li>7. Passe: Je ein Pfeil auf die Entfernungen 30, 25, 20 und 15 Yards<\/li>\n<\/ul>\n<p>Zus\u00e4tzlich sind die Ziele je nach Entfernung unterschiedlich gro\u00df. Bei der Passe 1, 3, 5 und 7 ist der Spiegel (Zielscheibe) 35cm im Durchmesser. Bei den anderen Passen sind es nur 20cm.<\/p>\n<p><strong>Flexibilit\u00e4t ist Trumpf<\/strong><br \/>\nWie man hier sieht sind nicht nur die Entfernungen sehr unterschiedlich (Zwischen weiten 27m und sehr kurzen 6m) sondern auch die Ziele differieren in der Gr\u00f6\u00dfe. dies fordert vom Sch\u00fctzen ein H\u00f6chstma\u00df an Flexibilit\u00e4t. Hier wird man echt gefordert. Eine wirklich sch\u00f6ne Abwechslung in der Halle.<\/p>\n<p>Hier noch ein Link zu einer weitern Erkl\u00e4rung der Flint-Runde<br \/>\n<a href=\"http:\/\/www.dfbv.de\/index.php\/24-neuigkeiten\/296-flint-round-deutsche-meisterschaft-halle-2018-halle-saale\" target=\"_blank\" rel=\"noopener\">http:\/\/www.dfbv.de\/index.php\/24-neuigkeiten\/296-flint-round-deutsche-meisterschaft-halle-2018-halle-saale<\/a><\/p>\n<\/div>\n<\/div><\/div><\/div><\/div><div id=\"pg-1441-4\"  class=\"panel-grid panel-no-style\" ><div id=\"pgc-1441-4-0\"  class=\"panel-grid-cell\" ><div id=\"panel-1441-4-0-0\" class=\"so-panel widget widget_sow-headline panel-first-child\" data-index=\"8\" ><div\n\t\t\t\n\t\t\tclass=\"so-widget-sow-headline so-widget-sow-headline-default-ea0af4cf39ae-1441\"\n\t\t\t\n\t\t><div class=\"sow-headline-container \">\n\t\t\t\t\t\t\t<h1 class=\"sow-headline\">\n\t\t\t\t\t\tDie Vorbereitungen\t\t\t\t\t\t<\/h1>\n\t\t\t\t\t\t\t\t\t\t\t\t<h3 class=\"sow-sub-headline\">\n\t\t\t\t\t\tHat jemand Interesse mit mir gemeinsam den Weg zur EIAC 2022 zu bestreiten?\t\t\t\t\t\t<\/h3>\n\t\t\t\t\t\t\t\t\t\t\t<div class=\"decoration\">\n\t\t\t\t\t\t<div class=\"decoration-inside\"><\/div>\n\t\t\t\t\t<\/div>\n\t\t\t\t\t<\/div>\n<\/div><\/div><div id=\"panel-1441-4-0-1\" class=\"so-panel widget widget_sow-image\" data-index=\"9\" ><div\n\t\t\t\n\t\t\tclass=\"so-widget-sow-image so-widget-sow-image-default-c67d20f9f743-1441\"\n\t\t\t\n\t\t>\n<div class=\"sow-image-container\">\n\t\t<img \n\tsrc=\"https:\/\/sfs-archery.de\/wp-content\/uploads\/2020\/02\/AdobeStock_107315888.jpeg\" width=\"1500\" height=\"584\" srcset=\"https:\/\/sfs-archery.de\/wp-content\/uploads\/2020\/02\/AdobeStock_107315888.jpeg 1500w, https:\/\/sfs-archery.de\/wp-content\/uploads\/2020\/02\/AdobeStock_107315888-300x117.jpeg 300w, https:\/\/sfs-archery.de\/wp-content\/uploads\/2020\/02\/AdobeStock_107315888-1024x399.jpeg 1024w, https:\/\/sfs-archery.de\/wp-content\/uploads\/2020\/02\/AdobeStock_107315888-768x299.jpeg 768w\" sizes=\"(max-width: 1500px) 100vw, 1500px\" title=\"Ich will \/ Ich kann \/ Ich mach\u00b4s!\" alt=\"Spruch \u201eIch will \/ Ich kann \/ Ich mach\u00b4s!\u201c\" \t\tclass=\"so-widget-image\"\/>\n\t<\/div>\n\n<\/div><\/div><div id=\"panel-1441-4-0-2\" class=\"so-panel widget widget_sow-editor panel-last-child\" data-index=\"10\" ><div\n\t\t\t\n\t\t\tclass=\"so-widget-sow-editor so-widget-sow-editor-base\"\n\t\t\t\n\t\t>\n<div class=\"siteorigin-widget-tinymce textwidget\">\n\t<p>Das Vorhaben steht nun noch ganz am Anfang. Fokus liegt aktuell noch auf dem Erreichen des Ziels EBHC 2020. Dennoch gibt es schon einige Dinge die ich nun angehe um den Weg zur EIAC 2022 zu ebnen.<\/p>\n<p>Im ersten Schritt ist die Information \u00fcber die Formalien. z.B. Voraussetzungen f\u00fcr die Teilnahme und Regelkunde.<\/p>\n<p>Aber auch die Suche nach potentiellen Mitstreitern steht auf der Liste. Daher hier der Aufruf:<\/p>\n<blockquote><p><strong>Wenn jemand Interesse hat ebenfalls sich auf den Weg zur EIAC 2022 zu machen, dann melde dich bitte. Gemeinsam macht der Weg mehr Spa\u00df.<\/strong><\/p><\/blockquote>\n<p>Meine folgenden n\u00e4chsten Schritte sind<\/p>\n<ul>\n<li>Suche nach potentiellen Wegbegleitern im Verein und au\u00dferhalb<\/li>\n<li>Voraussetzungen kl\u00e4ren<\/li>\n<li>Terminplan aufstellen<\/li>\n<li>Erfahrung auf Hallenmeisterschaften sammeln<\/li>\n<\/ul>\n<p><strong>Und jetzt: Auf GEHT ES !!!<\/strong><\/p>\n<p>&nbsp;<\/p>\n<\/div>\n<\/div><\/div><\/div><\/div><\/div>","protected":false},"excerpt":{"rendered":"<p>Ich hatte mir vorgenommen im Jahr 2020 an der EBHC (Europameisterschaft 3D in Frankreich) teilzunehmen. Dieses Vorhaben befindet sich nun auf der Zielgeraden. Auch wenn dank Corona sich das Turnier um ein Jahr verschoben hat. Die Registrierung ist abgeschlossen, ich [&hellip;]<\/p>\n","protected":false},"author":1,"featured_media":0,"parent":1548,"menu_order":0,"comment_status":"closed","ping_status":"closed","template":"","meta":{"footnotes":""},"class_list":["post-1441","page","type-page","status-publish","hentry","post"],"yoast_head":"<!-- This site is optimized with the Yoast SEO plugin v26.8 - https:\/\/yoast.com\/product\/yoast-seo-wordpress\/ -->\n<title>Die EIAC der IFAA - sfs-archery -Erlebnis Bogenschie\u00dfen-<\/title>\n<meta name=\"description\" content=\"Die Europameisterschaft (EIAC) im Hallenbogensport der IFAA. Auch du kannst auf diesem au\u00dfergew\u00f6hnlichen Bogensportevent dabei sein. Warum erf\u00e4hst du hier.\" \/>\n<meta name=\"robots\" content=\"index, follow, max-snippet:-1, max-image-preview:large, max-video-preview:-1\" \/>\n<link rel=\"canonical\" href=\"https:\/\/sfs-archery.de\/?page_id=1441\" \/>\n<meta property=\"og:locale\" content=\"de_DE\" \/>\n<meta property=\"og:type\" content=\"article\" \/>\n<meta property=\"og:title\" content=\"Die EIAC der IFAA - sfs-archery -Erlebnis Bogenschie\u00dfen-\" \/>\n<meta property=\"og:description\" content=\"Die Europameisterschaft (EIAC) im Hallenbogensport der IFAA. Auch du kannst auf diesem au\u00dfergew\u00f6hnlichen Bogensportevent dabei sein. Warum erf\u00e4hst du hier.\" \/>\n<meta property=\"og:url\" content=\"https:\/\/sfs-archery.de\/?page_id=1441\" \/>\n<meta property=\"og:site_name\" content=\"sfs-archery -Erlebnis Bogenschie\u00dfen-\" \/>\n<meta property=\"article:modified_time\" content=\"2020-08-17T06:08:53+00:00\" \/>\n<meta name=\"twitter:card\" content=\"summary_large_image\" \/>\n<meta name=\"twitter:label1\" content=\"Gesch\u00e4tzte Lesezeit\" \/>\n\t<meta name=\"twitter:data1\" content=\"4\u00a0Minuten\" \/>\n<script type=\"application\/ld+json\" class=\"yoast-schema-graph\">{\"@context\":\"https:\/\/schema.org\",\"@graph\":[{\"@type\":\"WebPage\",\"@id\":\"https:\/\/sfs-archery.de\/?page_id=1441\",\"url\":\"https:\/\/sfs-archery.de\/?page_id=1441\",\"name\":\"Die EIAC der IFAA - sfs-archery -Erlebnis Bogenschie\u00dfen-\",\"isPartOf\":{\"@id\":\"https:\/\/sfs-archery.de\/#website\"},\"datePublished\":\"2020-02-17T07:06:35+00:00\",\"dateModified\":\"2020-08-17T06:08:53+00:00\",\"description\":\"Die Europameisterschaft (EIAC) im Hallenbogensport der IFAA. Auch du kannst auf diesem au\u00dfergew\u00f6hnlichen Bogensportevent dabei sein. Warum erf\u00e4hst du hier.\",\"breadcrumb\":{\"@id\":\"https:\/\/sfs-archery.de\/?page_id=1441#breadcrumb\"},\"inLanguage\":\"de\",\"potentialAction\":[{\"@type\":\"ReadAction\",\"target\":[\"https:\/\/sfs-archery.de\/?page_id=1441\"]}]},{\"@type\":\"BreadcrumbList\",\"@id\":\"https:\/\/sfs-archery.de\/?page_id=1441#breadcrumb\",\"itemListElement\":[{\"@type\":\"ListItem\",\"position\":1,\"name\":\"Startseite\",\"item\":\"https:\/\/sfs-archery.de\/\"},{\"@type\":\"ListItem\",\"position\":2,\"name\":\"Internationale Turniere\",\"item\":\"https:\/\/sfs-archery.de\/?page_id=1548\"},{\"@type\":\"ListItem\",\"position\":3,\"name\":\"EIAC -Europameisterschaft im Hallenbogensport (IFAA)\"}]},{\"@type\":\"WebSite\",\"@id\":\"https:\/\/sfs-archery.de\/#website\",\"url\":\"https:\/\/sfs-archery.de\/\",\"name\":\"sfs-archery -Erlebnis Bogenschie\u00dfen-\",\"description\":\"Bogensport, Fitness, Training im Bogenschie\u00dfen und Turniere.\",\"publisher\":{\"@id\":\"https:\/\/sfs-archery.de\/#\/schema\/person\/35ed9e01696e805ee8db0b4d9bf4b52c\"},\"potentialAction\":[{\"@type\":\"SearchAction\",\"target\":{\"@type\":\"EntryPoint\",\"urlTemplate\":\"https:\/\/sfs-archery.de\/?s={search_term_string}\"},\"query-input\":{\"@type\":\"PropertyValueSpecification\",\"valueRequired\":true,\"valueName\":\"search_term_string\"}}],\"inLanguage\":\"de\"},{\"@type\":[\"Person\",\"Organization\"],\"@id\":\"https:\/\/sfs-archery.de\/#\/schema\/person\/35ed9e01696e805ee8db0b4d9bf4b52c\",\"name\":\"S\u00f6ren Spieckermann\",\"image\":{\"@type\":\"ImageObject\",\"inLanguage\":\"de\",\"@id\":\"https:\/\/sfs-archery.de\/#\/schema\/person\/image\/\",\"url\":\"https:\/\/sfs-archery.de\/wp-content\/uploads\/2020\/04\/IMG_20200308_095903_edited.jpg\",\"contentUrl\":\"https:\/\/sfs-archery.de\/wp-content\/uploads\/2020\/04\/IMG_20200308_095903_edited.jpg\",\"width\":1500,\"height\":1500,\"caption\":\"S\u00f6ren Spieckermann\"},\"logo\":{\"@id\":\"https:\/\/sfs-archery.de\/#\/schema\/person\/image\/\"},\"description\":\"S\u00f6ren Spieckermann besch\u00e4ftigt sich seit 2014 mit dem Bogensport. Er ist Mitglied im Bogensch\u00fctzenclub Neckargerach und nimmt an nationalen und internationalen Turnieren (IFAA) teil. Der Schwerpunkt seiner Ver\u00f6ffentlichungen liegt auf dem 3D Bogenschie\u00dfen, der Fitness im Bogensport, dem traditionellen Bogenschie\u00dfen und der Verbindung von Urlaub und Bogensport.. Neben dem Blog sfs-archery betreibt er die Internetseiten bogenurlaub-hohenlohe.de und blasrohrschiessen.de .\",\"sameAs\":[\"https:\/\/sfs-archery.de\/?page_id=69\"]}]}<\/script>\n<!-- \/ Yoast SEO plugin. -->","yoast_head_json":{"title":"Die EIAC der IFAA - sfs-archery -Erlebnis Bogenschie\u00dfen-","description":"Die Europameisterschaft (EIAC) im Hallenbogensport der IFAA. Auch du kannst auf diesem au\u00dfergew\u00f6hnlichen Bogensportevent dabei sein. Warum erf\u00e4hst du hier.","robots":{"index":"index","follow":"follow","max-snippet":"max-snippet:-1","max-image-preview":"max-image-preview:large","max-video-preview":"max-video-preview:-1"},"canonical":"https:\/\/sfs-archery.de\/?page_id=1441","og_locale":"de_DE","og_type":"article","og_title":"Die EIAC der IFAA - sfs-archery -Erlebnis Bogenschie\u00dfen-","og_description":"Die Europameisterschaft (EIAC) im Hallenbogensport der IFAA. Auch du kannst auf diesem au\u00dfergew\u00f6hnlichen Bogensportevent dabei sein. Warum erf\u00e4hst du hier.","og_url":"https:\/\/sfs-archery.de\/?page_id=1441","og_site_name":"sfs-archery -Erlebnis Bogenschie\u00dfen-","article_modified_time":"2020-08-17T06:08:53+00:00","twitter_card":"summary_large_image","twitter_misc":{"Gesch\u00e4tzte Lesezeit":"4\u00a0Minuten"},"schema":{"@context":"https:\/\/schema.org","@graph":[{"@type":"WebPage","@id":"https:\/\/sfs-archery.de\/?page_id=1441","url":"https:\/\/sfs-archery.de\/?page_id=1441","name":"Die EIAC der IFAA - sfs-archery -Erlebnis Bogenschie\u00dfen-","isPartOf":{"@id":"https:\/\/sfs-archery.de\/#website"},"datePublished":"2020-02-17T07:06:35+00:00","dateModified":"2020-08-17T06:08:53+00:00","description":"Die Europameisterschaft (EIAC) im Hallenbogensport der IFAA. Auch du kannst auf diesem au\u00dfergew\u00f6hnlichen Bogensportevent dabei sein. Warum erf\u00e4hst du hier.","breadcrumb":{"@id":"https:\/\/sfs-archery.de\/?page_id=1441#breadcrumb"},"inLanguage":"de","potentialAction":[{"@type":"ReadAction","target":["https:\/\/sfs-archery.de\/?page_id=1441"]}]},{"@type":"BreadcrumbList","@id":"https:\/\/sfs-archery.de\/?page_id=1441#breadcrumb","itemListElement":[{"@type":"ListItem","position":1,"name":"Startseite","item":"https:\/\/sfs-archery.de\/"},{"@type":"ListItem","position":2,"name":"Internationale Turniere","item":"https:\/\/sfs-archery.de\/?page_id=1548"},{"@type":"ListItem","position":3,"name":"EIAC -Europameisterschaft im Hallenbogensport (IFAA)"}]},{"@type":"WebSite","@id":"https:\/\/sfs-archery.de\/#website","url":"https:\/\/sfs-archery.de\/","name":"sfs-archery -Erlebnis Bogenschie\u00dfen-","description":"Bogensport, Fitness, Training im Bogenschie\u00dfen und Turniere.","publisher":{"@id":"https:\/\/sfs-archery.de\/#\/schema\/person\/35ed9e01696e805ee8db0b4d9bf4b52c"},"potentialAction":[{"@type":"SearchAction","target":{"@type":"EntryPoint","urlTemplate":"https:\/\/sfs-archery.de\/?s={search_term_string}"},"query-input":{"@type":"PropertyValueSpecification","valueRequired":true,"valueName":"search_term_string"}}],"inLanguage":"de"},{"@type":["Person","Organization"],"@id":"https:\/\/sfs-archery.de\/#\/schema\/person\/35ed9e01696e805ee8db0b4d9bf4b52c","name":"S\u00f6ren Spieckermann","image":{"@type":"ImageObject","inLanguage":"de","@id":"https:\/\/sfs-archery.de\/#\/schema\/person\/image\/","url":"https:\/\/sfs-archery.de\/wp-content\/uploads\/2020\/04\/IMG_20200308_095903_edited.jpg","contentUrl":"https:\/\/sfs-archery.de\/wp-content\/uploads\/2020\/04\/IMG_20200308_095903_edited.jpg","width":1500,"height":1500,"caption":"S\u00f6ren Spieckermann"},"logo":{"@id":"https:\/\/sfs-archery.de\/#\/schema\/person\/image\/"},"description":"S\u00f6ren Spieckermann besch\u00e4ftigt sich seit 2014 mit dem Bogensport. Er ist Mitglied im Bogensch\u00fctzenclub Neckargerach und nimmt an nationalen und internationalen Turnieren (IFAA) teil. Der Schwerpunkt seiner Ver\u00f6ffentlichungen liegt auf dem 3D Bogenschie\u00dfen, der Fitness im Bogensport, dem traditionellen Bogenschie\u00dfen und der Verbindung von Urlaub und Bogensport.. Neben dem Blog sfs-archery betreibt er die Internetseiten bogenurlaub-hohenlohe.de und blasrohrschiessen.de .","sameAs":["https:\/\/sfs-archery.de\/?page_id=69"]}]}},"_links":{"self":[{"href":"https:\/\/sfs-archery.de\/index.php?rest_route=\/wp\/v2\/pages\/1441","targetHints":{"allow":["GET"]}}],"collection":[{"href":"https:\/\/sfs-archery.de\/index.php?rest_route=\/wp\/v2\/pages"}],"about":[{"href":"https:\/\/sfs-archery.de\/index.php?rest_route=\/wp\/v2\/types\/page"}],"author":[{"embeddable":true,"href":"https:\/\/sfs-archery.de\/index.php?rest_route=\/wp\/v2\/users\/1"}],"replies":[{"embeddable":true,"href":"https:\/\/sfs-archery.de\/index.php?rest_route=%2Fwp%2Fv2%2Fcomments&post=1441"}],"version-history":[{"count":31,"href":"https:\/\/sfs-archery.de\/index.php?rest_route=\/wp\/v2\/pages\/1441\/revisions"}],"predecessor-version":[{"id":3514,"href":"https:\/\/sfs-archery.de\/index.php?rest_route=\/wp\/v2\/pages\/1441\/revisions\/3514"}],"up":[{"embeddable":true,"href":"https:\/\/sfs-archery.de\/index.php?rest_route=\/wp\/v2\/pages\/1548"}],"wp:attachment":[{"href":"https:\/\/sfs-archery.de\/index.php?rest_route=%2Fwp%2Fv2%2Fmedia&parent=1441"}],"curies":[{"name":"wp","href":"https:\/\/api.w.org\/{rel}","templated":true}]}}