{"id":2012,"date":"2020-05-18T14:59:01","date_gmt":"2020-05-18T12:59:01","guid":{"rendered":"http:\/\/sfs-archery.de\/?page_id=2012"},"modified":"2020-08-17T08:09:46","modified_gmt":"2020-08-17T06:09:46","slug":"eiac-2022-2-2","status":"publish","type":"page","link":"https:\/\/sfs-archery.de\/?page_id=2012","title":{"rendered":"WIAMM (World Indoor Archery Mail Match)"},"content":{"rendered":"<div id=\"pl-2012\"  class=\"panel-layout\" ><div id=\"pg-2012-0\"  class=\"panel-grid panel-no-style\" ><div id=\"pgc-2012-0-0\"  class=\"panel-grid-cell\" ><div id=\"panel-2012-0-0-0\" class=\"so-panel widget widget_sow-headline panel-first-child\" data-index=\"0\" ><div\n\t\t\t\n\t\t\tclass=\"so-widget-sow-headline so-widget-sow-headline-default-ea0af4cf39ae-2012\"\n\t\t\t\n\t\t><div class=\"sow-headline-container \">\n\t\t\t\t\t\t\t<h1 class=\"sow-headline\">\n\t\t\t\t\t\tWIAMM \/ World Indoor Archery Mail Match (IFAA)\t\t\t\t\t\t<\/h1>\n\t\t\t\t\t\t\t\t\t\t\t\t<h3 class=\"sow-sub-headline\">\n\t\t\t\t\t\tIFAA WELT \u2013 HALLENFERNTURNIER ( WIAMM)\t\t\t\t\t\t<\/h3>\n\t\t\t\t\t\t\t\t\t\t\t<div class=\"decoration\">\n\t\t\t\t\t\t<div class=\"decoration-inside\"><\/div>\n\t\t\t\t\t<\/div>\n\t\t\t\t\t<\/div>\n<\/div><\/div><div id=\"panel-2012-0-0-1\" class=\"so-panel widget widget_sow-image\" data-index=\"1\" ><div\n\t\t\t\n\t\t\tclass=\"so-widget-sow-image so-widget-sow-image-default-113ccd71f3e6-2012\"\n\t\t\t\n\t\t>\n<div class=\"sow-image-container\">\n\t\t<img \n\tsrc=\"https:\/\/sfs-archery.de\/wp-content\/uploads\/2020\/05\/AdobeStock_253806249_klein-1024x353.jpg\" width=\"720\" height=\"248\" srcset=\"https:\/\/sfs-archery.de\/wp-content\/uploads\/2020\/05\/AdobeStock_253806249_klein-1024x353.jpg 1024w, https:\/\/sfs-archery.de\/wp-content\/uploads\/2020\/05\/AdobeStock_253806249_klein-300x103.jpg 300w, https:\/\/sfs-archery.de\/wp-content\/uploads\/2020\/05\/AdobeStock_253806249_klein-768x265.jpg 768w, https:\/\/sfs-archery.de\/wp-content\/uploads\/2020\/05\/AdobeStock_253806249_klein.jpg 1500w\" sizes=\"(max-width: 720px) 100vw, 720px\" title=\"world national flags\" alt=\"Fahnen von verschiedenen Nationen. Internationales Turnier\" \t\tclass=\"so-widget-image\"\/>\n\t<\/div>\n\n<\/div><\/div><div id=\"panel-2012-0-0-2\" class=\"so-panel widget widget_sow-editor panel-last-child\" data-index=\"2\" ><div\n\t\t\t\n\t\t\tclass=\"so-widget-sow-editor so-widget-sow-editor-base\"\n\t\t\t\n\t\t><h3 class=\"widget-title\">Das indoor Fernturnier der IFAA<\/h3>\n<div class=\"siteorigin-widget-tinymce textwidget\">\n\t<p>Das IFAA World Indoor Archery Mail Match (WIAAM) stellt eine einfache Art dar internationale Turnierluft zu schnuppern.<\/p>\n<p>Mit diesem <a href=\"https:\/\/sfs-archery.de\/?page_id=2050\">Fernturnierformat <\/a>(zusammen mit dem Outdoor-Fernturnier) hat die IFAA ein weltweites Turnierformat geschaffen um f\u00fcr den Bogensport zu werben. Jeder Sch\u00fctze, der nicht Profi ist, kann daran teilnehmen. Man muss dazu nicht Mitglied eines mit der IFAA verbunden Verbandes sein. Dadurch steht das Turnier praktisch allen offen.<\/p>\n<p><strong>Fernturnier und Zeitraum<\/strong><br \/>\nDas Turnier ist ein Fernturnier und wird jedes Jahr im Zeitraum von Januar bis M\u00e4rz durchgef\u00fchrt.<br \/>\nDazu ist es nicht notwendig sich an einem Turnierort einzufinden, sondern man kann die Turnierrunden auf dem heimischen Bogenplatz oder Trainingshalle schie\u00dfen. Man meldet dann das Ergebnis an die Turnierleitung per email. Daher auch die Bezeichnung \"Fernturnier\".<br \/>\nDie Regeleinhaltung kann dabei nat\u00fcrlich nicht kontrolliert werden und man vertraut darauf das die eingereichten Wertungen auch tats\u00e4chlich erzielt wurden.<\/p>\n<p><strong>Anmeldung und Kosten<\/strong><br \/>\nDie Anmeldung erfolgt \u00fcber eine Email an die Turnierleitung mit Hilfe der bereitgestellten Anmeldeformularen. Die Kosten f\u00fcr die Teilnahme belaufe sich aktuell (Stand Mai 2020) auf 15 Australische Dollar je Sch\u00fctze (ca. 9 Euro).<\/p>\n<p><strong>Turnierablauf<\/strong><br \/>\nBei dem WIAMM meldet man drei Hallenrunden. Jeden Monat (Januar, Februar, M\u00e4rz) meldet man das Resultat einer Runde an die Turnierleitung.<br \/>\nDabei kann man im Monat nat\u00fcrlich auch mehrere Runden geschossen haben, aber man kann nur ein Resultat je Monat melden.<br \/>\nNach jeder Runde ver\u00f6ffentlicht die Turnierleitung des World Indoor Archery Mail Match die aktuelle Rangliste.<br \/>\nJeder Teilnehmer bekommt nach Abschluss des Turniers eine Teilnehmeranstecknadel. Die ersten drei Platzierten jeder Wertungsklasse entsprechend in Gold-, Silber- oder Bronzefarbe.<\/p>\n<\/div>\n<\/div><\/div><\/div><\/div><div id=\"pg-2012-1\"  class=\"panel-grid panel-no-style\" ><div id=\"pgc-2012-1-0\"  class=\"panel-grid-cell\" ><div id=\"panel-2012-1-0-0\" class=\"so-panel widget widget_sow-headline panel-first-child panel-last-child\" data-index=\"3\" ><div\n\t\t\t\n\t\t\tclass=\"so-widget-sow-headline so-widget-sow-headline-default-ea0af4cf39ae-2012\"\n\t\t\t\n\t\t><div class=\"sow-headline-container \">\n\t\t\t\t\t\t\t<h1 class=\"sow-headline\">\n\t\t\t\t\t\tIndoor Runde\t\t\t\t\t\t<\/h1>\n\t\t\t\t\t\t\t\t\t\t\t\t<h3 class=\"sow-sub-headline\">\n\t\t\t\t\t\tDie Standard indoor Runde der IFAA\t\t\t\t\t\t<\/h3>\n\t\t\t\t\t\t\t\t\t\t\t<div class=\"decoration\">\n\t\t\t\t\t\t<div class=\"decoration-inside\"><\/div>\n\t\t\t\t\t<\/div>\n\t\t\t\t\t<\/div>\n<\/div><\/div><\/div><\/div><div id=\"pg-2012-2\"  class=\"panel-grid panel-no-style\" ><div id=\"pgc-2012-2-0\"  class=\"panel-grid-cell\" ><div id=\"panel-2012-2-0-0\" class=\"so-panel widget widget_sow-image panel-first-child panel-last-child\" data-index=\"4\" ><div\n\t\t\t\n\t\t\tclass=\"so-widget-sow-image so-widget-sow-image-default-113ccd71f3e6-2012\"\n\t\t\t\n\t\t>\n<div class=\"sow-image-container\">\n\t\t<img \n\tsrc=\"https:\/\/sfs-archery.de\/wp-content\/uploads\/2020\/05\/Bildschirmfoto-2020-05-18-um-14.50.16-768x512.png\" width=\"720\" height=\"480\" srcset=\"https:\/\/sfs-archery.de\/wp-content\/uploads\/2020\/05\/Bildschirmfoto-2020-05-18-um-14.50.16-768x512.png 768w, https:\/\/sfs-archery.de\/wp-content\/uploads\/2020\/05\/Bildschirmfoto-2020-05-18-um-14.50.16-300x200.png 300w, https:\/\/sfs-archery.de\/wp-content\/uploads\/2020\/05\/Bildschirmfoto-2020-05-18-um-14.50.16-1024x683.png 1024w, https:\/\/sfs-archery.de\/wp-content\/uploads\/2020\/05\/Bildschirmfoto-2020-05-18-um-14.50.16-1536x1025.png 1536w, https:\/\/sfs-archery.de\/wp-content\/uploads\/2020\/05\/Bildschirmfoto-2020-05-18-um-14.50.16-272x182.png 272w, https:\/\/sfs-archery.de\/wp-content\/uploads\/2020\/05\/Bildschirmfoto-2020-05-18-um-14.50.16.png 1802w\" sizes=\"(max-width: 720px) 100vw, 720px\" title=\"IFAA Wertungszettel der indoor-Runde\" alt=\"IFAA Wertungszettel f\u00fcr Hallenmeisterschaft.\" \t\tclass=\"so-widget-image\"\/>\n\t<\/div>\n\n<h3 class=\"widget-title\">IFAA Wertungszettel der indoor-Runde<\/h3><\/div><\/div><\/div><div id=\"pgc-2012-2-1\"  class=\"panel-grid-cell\" ><div id=\"panel-2012-2-1-0\" class=\"so-panel widget widget_sow-image panel-first-child panel-last-child\" data-index=\"5\" ><div\n\t\t\t\n\t\t\tclass=\"so-widget-sow-image so-widget-sow-image-default-113ccd71f3e6-2012\"\n\t\t\t\n\t\t>\n<div class=\"sow-image-container\">\n\t\t<img \n\tsrc=\"https:\/\/sfs-archery.de\/wp-content\/uploads\/2020\/05\/Bildschirmfoto-2020-05-18-um-14.52.57-768x332.png\" width=\"720\" height=\"311\" srcset=\"https:\/\/sfs-archery.de\/wp-content\/uploads\/2020\/05\/Bildschirmfoto-2020-05-18-um-14.52.57-768x332.png 768w, https:\/\/sfs-archery.de\/wp-content\/uploads\/2020\/05\/Bildschirmfoto-2020-05-18-um-14.52.57-300x130.png 300w, https:\/\/sfs-archery.de\/wp-content\/uploads\/2020\/05\/Bildschirmfoto-2020-05-18-um-14.52.57-1024x442.png 1024w, https:\/\/sfs-archery.de\/wp-content\/uploads\/2020\/05\/Bildschirmfoto-2020-05-18-um-14.52.57-1536x663.png 1536w, https:\/\/sfs-archery.de\/wp-content\/uploads\/2020\/05\/Bildschirmfoto-2020-05-18-um-14.52.57.png 1866w\" sizes=\"(max-width: 720px) 100vw, 720px\" title=\"Zielscheibe IFAA indoor. Vollscheibe und Spotscheibe.\" alt=\"Zielscheiben f\u00fcr die Hallenmeisterschaft des DFBV\" \t\tclass=\"so-widget-image\"\/>\n\t<\/div>\n\n<h3 class=\"widget-title\">Zielscheibe IFAA indoor. Vollscheibe und Spotscheibe.<\/h3><\/div><\/div><\/div><\/div><div id=\"pg-2012-3\"  class=\"panel-grid panel-no-style\" ><div id=\"pgc-2012-3-0\"  class=\"panel-grid-cell\" ><div id=\"panel-2012-3-0-0\" class=\"so-panel widget widget_sow-editor panel-first-child\" data-index=\"6\" ><div\n\t\t\t\n\t\t\tclass=\"so-widget-sow-editor so-widget-sow-editor-base\"\n\t\t\t\n\t\t>\n<div class=\"siteorigin-widget-tinymce textwidget\">\n\t<p><strong>Indoor-Runde<\/strong><br \/>\nBei diesem Turnierformat schie\u00dft man die Standard Hallenrunde der IFAA.<\/p>\n<p>Die Indoor Hallenrunde wird auf eine 40cm <a href=\"https:\/\/sfs-archery.de\/?p=3329\">Zielscheibe<\/a> in 18.3 m Entfernung geschossen.<br \/>\nMan schie\u00dft 6 Passen mit je 5 Pfeilen. Dann Pause und dann wieder 6 Passen mit je 5 Pfeilen. Damit in Summe 60 Wertungspfeile<\/p>\n<p>Die Zielscheibe hat 40cm Durchmesser mit f\u00fcnf Wertungszonen (Ringzahl 1 bis 5)<br \/>\nBei der Zielscheibe kann man entweder die Vollscheibe (alle Pfeile je Passe auf die eine Scheibe) oder der Spotscheibe w\u00e4hlen. (je ein Pfeil der Passe auf ein Ziel)<\/p>\n<\/div>\n<\/div><\/div><div id=\"panel-2012-3-0-1\" class=\"so-panel widget widget_sow-editor panel-last-child\" data-index=\"7\" ><div\n\t\t\t\n\t\t\tclass=\"so-widget-sow-editor so-widget-sow-editor-base\"\n\t\t\t\n\t\t><h3 class=\"widget-title\">Links<\/h3>\n<div class=\"siteorigin-widget-tinymce textwidget\">\n\t<p>Link zu Informationen der IFAA:<br \/>\n<a href=\"https:\/\/www.ifaa-archery.org\/index.php\/2020-world-indoor-archery-mail-match\" target=\"_blank\" rel=\"noopener noreferrer\">IFAA WIAMM Indoor mail match<\/a><br \/>\n<a href=\"https:\/\/www.ifaa-archery.org\/index.php\/documents\/rules\/ifaa-book-of-rules-2019\" rel=\"noopener noreferrer\" target=\"_blank\">IFAA Book of rules (en)<\/a><\/p>\n<\/div>\n<\/div><\/div><\/div><\/div><div id=\"pg-2012-4\"  class=\"panel-grid panel-no-style\" ><div id=\"pgc-2012-4-0\"  class=\"panel-grid-cell\" ><div id=\"panel-2012-4-0-0\" class=\"so-panel widget widget_sow-headline panel-first-child\" data-index=\"8\" ><div\n\t\t\t\n\t\t\tclass=\"so-widget-sow-headline so-widget-sow-headline-default-ea0af4cf39ae-2012\"\n\t\t\t\n\t\t><div class=\"sow-headline-container \">\n\t\t\t\t\t\t\t<h1 class=\"sow-headline\">\n\t\t\t\t\t\tTeilnahme am Indoor mail match Turnier !\t\t\t\t\t\t<\/h1>\n\t\t\t\t\t\t\t\t\t\t\t\t<h3 class=\"sow-sub-headline\">\n\t\t\t\t\t\tHat jemand Interesse mit mir gemeinsam das Turnier zu absolvieren?\t\t\t\t\t\t<\/h3>\n\t\t\t\t\t\t\t\t\t\t\t<div class=\"decoration\">\n\t\t\t\t\t\t<div class=\"decoration-inside\"><\/div>\n\t\t\t\t\t<\/div>\n\t\t\t\t\t<\/div>\n<\/div><\/div><div id=\"panel-2012-4-0-1\" class=\"so-panel widget widget_sow-image\" data-index=\"9\" ><div\n\t\t\t\n\t\t\tclass=\"so-widget-sow-image so-widget-sow-image-default-c67d20f9f743-2012\"\n\t\t\t\n\t\t>\n<div class=\"sow-image-container\">\n\t\t<img \n\tsrc=\"https:\/\/sfs-archery.de\/wp-content\/uploads\/2020\/05\/AdobeStock_224116320_klein-1024x410.jpg\" width=\"720\" height=\"288\" srcset=\"https:\/\/sfs-archery.de\/wp-content\/uploads\/2020\/05\/AdobeStock_224116320_klein-1024x410.jpg 1024w, https:\/\/sfs-archery.de\/wp-content\/uploads\/2020\/05\/AdobeStock_224116320_klein-300x120.jpg 300w, https:\/\/sfs-archery.de\/wp-content\/uploads\/2020\/05\/AdobeStock_224116320_klein-768x307.jpg 768w, https:\/\/sfs-archery.de\/wp-content\/uploads\/2020\/05\/AdobeStock_224116320_klein.jpg 1500w\" sizes=\"(max-width: 720px) 100vw, 720px\" title=\"Jetzt mitmachen!\" alt=\"Schild: Jetzt mitmachen!\" \t\tclass=\"so-widget-image\"\/>\n\t<\/div>\n\n<\/div><\/div><div id=\"panel-2012-4-0-2\" class=\"so-panel widget widget_sow-editor panel-last-child\" data-index=\"10\" ><div\n\t\t\t\n\t\t\tclass=\"so-widget-sow-editor so-widget-sow-editor-base\"\n\t\t\t\n\t\t>\n<div class=\"siteorigin-widget-tinymce textwidget\">\n\t<p>Ich habe mir vorgenommen an dem n\u00e4chsten Indoor Turnier (2021) teilzunehmen. Sollte jemand Interesse an einer gemeinsamen Teilnahem haben, dann sollte er sich einfach bei mir melden.<\/p>\n<p>Sollte jemand einfach nur mit mir zusammen die Runden schie\u00dfen wollen geht das nat\u00fcrlich auch. (ohne offiziell. Teilnahme)<\/p>\n<p>Kontakt: <a href=\"mailto:soeren.spieckermann@web.de\">soeren.spieckermann@web.de<\/a><\/p>\n<\/div>\n<\/div><\/div><\/div><\/div><\/div>","protected":false},"excerpt":{"rendered":"<p>Das IFAA World Indoor Archery Mail Match (WIAAM) stellt eine einfache Art dar internationale Turnierluft zu schnuppern. Mit diesem Fernturnierformat (zusammen mit dem Outdoor-Fernturnier) hat die IFAA ein weltweites Turnierformat geschaffen um f\u00fcr den Bogensport zu werben. Jeder Sch\u00fctze, der [&hellip;]<\/p>\n","protected":false},"author":1,"featured_media":2013,"parent":2050,"menu_order":0,"comment_status":"closed","ping_status":"closed","template":"","meta":{"footnotes":""},"class_list":["post-2012","page","type-page","status-publish","has-post-thumbnail","hentry","post","post-with-thumbnail","post-with-thumbnail-large"],"yoast_head":"<!-- This site is optimized with the Yoast SEO plugin v26.8 - https:\/\/yoast.com\/product\/yoast-seo-wordpress\/ -->\n<title>Fernturnier WIAMM der IFAA - sfs-archery -Erlebnis Bogenschie\u00dfen-<\/title>\n<meta name=\"description\" content=\"Das indoor Fernturniere WIAMM im Bogensport. Die einfache Art internationale Turnierluft zu erleben. Erlebe auch du das World Indoor Archery Mail Match.\" \/>\n<meta name=\"robots\" content=\"index, follow, max-snippet:-1, max-image-preview:large, max-video-preview:-1\" \/>\n<link rel=\"canonical\" href=\"https:\/\/sfs-archery.de\/?page_id=2012\" \/>\n<meta property=\"og:locale\" content=\"de_DE\" \/>\n<meta property=\"og:type\" content=\"article\" \/>\n<meta property=\"og:title\" content=\"Fernturnier WIAMM der IFAA - sfs-archery -Erlebnis Bogenschie\u00dfen-\" \/>\n<meta property=\"og:description\" content=\"Das indoor Fernturniere WIAMM im Bogensport. Die einfache Art internationale Turnierluft zu erleben. Erlebe auch du das World Indoor Archery Mail Match.\" \/>\n<meta property=\"og:url\" content=\"https:\/\/sfs-archery.de\/?page_id=2012\" \/>\n<meta property=\"og:site_name\" content=\"sfs-archery -Erlebnis Bogenschie\u00dfen-\" \/>\n<meta property=\"article:modified_time\" content=\"2020-08-17T06:09:46+00:00\" \/>\n<meta property=\"og:image\" content=\"https:\/\/sfs-archery.de\/wp-content\/uploads\/2020\/05\/Bildschirmfoto-2020-05-18-um-14.52.57.png\" \/>\n\t<meta property=\"og:image:width\" content=\"1866\" \/>\n\t<meta property=\"og:image:height\" content=\"806\" \/>\n\t<meta property=\"og:image:type\" content=\"image\/png\" \/>\n<meta name=\"twitter:card\" content=\"summary_large_image\" \/>\n<meta name=\"twitter:label1\" content=\"Gesch\u00e4tzte Lesezeit\" \/>\n\t<meta name=\"twitter:data1\" content=\"2\u00a0Minuten\" \/>\n<script type=\"application\/ld+json\" class=\"yoast-schema-graph\">{\"@context\":\"https:\/\/schema.org\",\"@graph\":[{\"@type\":\"WebPage\",\"@id\":\"https:\/\/sfs-archery.de\/?page_id=2012\",\"url\":\"https:\/\/sfs-archery.de\/?page_id=2012\",\"name\":\"Fernturnier WIAMM der IFAA - sfs-archery -Erlebnis Bogenschie\u00dfen-\",\"isPartOf\":{\"@id\":\"https:\/\/sfs-archery.de\/#website\"},\"primaryImageOfPage\":{\"@id\":\"https:\/\/sfs-archery.de\/?page_id=2012#primaryimage\"},\"image\":{\"@id\":\"https:\/\/sfs-archery.de\/?page_id=2012#primaryimage\"},\"thumbnailUrl\":\"https:\/\/sfs-archery.de\/wp-content\/uploads\/2020\/05\/Bildschirmfoto-2020-05-18-um-14.52.57.png\",\"datePublished\":\"2020-05-18T12:59:01+00:00\",\"dateModified\":\"2020-08-17T06:09:46+00:00\",\"description\":\"Das indoor Fernturniere WIAMM im Bogensport. Die einfache Art internationale Turnierluft zu erleben. Erlebe auch du das World Indoor Archery Mail Match.\",\"breadcrumb\":{\"@id\":\"https:\/\/sfs-archery.de\/?page_id=2012#breadcrumb\"},\"inLanguage\":\"de\",\"potentialAction\":[{\"@type\":\"ReadAction\",\"target\":[\"https:\/\/sfs-archery.de\/?page_id=2012\"]}]},{\"@type\":\"ImageObject\",\"inLanguage\":\"de\",\"@id\":\"https:\/\/sfs-archery.de\/?page_id=2012#primaryimage\",\"url\":\"https:\/\/sfs-archery.de\/wp-content\/uploads\/2020\/05\/Bildschirmfoto-2020-05-18-um-14.52.57.png\",\"contentUrl\":\"https:\/\/sfs-archery.de\/wp-content\/uploads\/2020\/05\/Bildschirmfoto-2020-05-18-um-14.52.57.png\",\"width\":1866,\"height\":806,\"caption\":\"Zielscheiben f\u00fcr die Hallenmeisterschaft des DFBV\"},{\"@type\":\"BreadcrumbList\",\"@id\":\"https:\/\/sfs-archery.de\/?page_id=2012#breadcrumb\",\"itemListElement\":[{\"@type\":\"ListItem\",\"position\":1,\"name\":\"Startseite\",\"item\":\"https:\/\/sfs-archery.de\/\"},{\"@type\":\"ListItem\",\"position\":2,\"name\":\"Fernturniere im Bogensport\",\"item\":\"https:\/\/sfs-archery.de\/?page_id=2050\"},{\"@type\":\"ListItem\",\"position\":3,\"name\":\"WIAMM (World Indoor Archery Mail Match)\"}]},{\"@type\":\"WebSite\",\"@id\":\"https:\/\/sfs-archery.de\/#website\",\"url\":\"https:\/\/sfs-archery.de\/\",\"name\":\"sfs-archery -Erlebnis Bogenschie\u00dfen-\",\"description\":\"Bogensport, Fitness, Training im Bogenschie\u00dfen und Turniere.\",\"publisher\":{\"@id\":\"https:\/\/sfs-archery.de\/#\/schema\/person\/35ed9e01696e805ee8db0b4d9bf4b52c\"},\"potentialAction\":[{\"@type\":\"SearchAction\",\"target\":{\"@type\":\"EntryPoint\",\"urlTemplate\":\"https:\/\/sfs-archery.de\/?s={search_term_string}\"},\"query-input\":{\"@type\":\"PropertyValueSpecification\",\"valueRequired\":true,\"valueName\":\"search_term_string\"}}],\"inLanguage\":\"de\"},{\"@type\":[\"Person\",\"Organization\"],\"@id\":\"https:\/\/sfs-archery.de\/#\/schema\/person\/35ed9e01696e805ee8db0b4d9bf4b52c\",\"name\":\"S\u00f6ren Spieckermann\",\"image\":{\"@type\":\"ImageObject\",\"inLanguage\":\"de\",\"@id\":\"https:\/\/sfs-archery.de\/#\/schema\/person\/image\/\",\"url\":\"https:\/\/sfs-archery.de\/wp-content\/uploads\/2020\/04\/IMG_20200308_095903_edited.jpg\",\"contentUrl\":\"https:\/\/sfs-archery.de\/wp-content\/uploads\/2020\/04\/IMG_20200308_095903_edited.jpg\",\"width\":1500,\"height\":1500,\"caption\":\"S\u00f6ren Spieckermann\"},\"logo\":{\"@id\":\"https:\/\/sfs-archery.de\/#\/schema\/person\/image\/\"},\"description\":\"S\u00f6ren Spieckermann besch\u00e4ftigt sich seit 2014 mit dem Bogensport. Er ist Mitglied im Bogensch\u00fctzenclub Neckargerach und nimmt an nationalen und internationalen Turnieren (IFAA) teil. Der Schwerpunkt seiner Ver\u00f6ffentlichungen liegt auf dem 3D Bogenschie\u00dfen, der Fitness im Bogensport, dem traditionellen Bogenschie\u00dfen und der Verbindung von Urlaub und Bogensport.. Neben dem Blog sfs-archery betreibt er die Internetseiten bogenurlaub-hohenlohe.de und blasrohrschiessen.de .\",\"sameAs\":[\"https:\/\/sfs-archery.de\/?page_id=69\"]}]}<\/script>\n<!-- \/ Yoast SEO plugin. -->","yoast_head_json":{"title":"Fernturnier WIAMM der IFAA - sfs-archery -Erlebnis Bogenschie\u00dfen-","description":"Das indoor Fernturniere WIAMM im Bogensport. Die einfache Art internationale Turnierluft zu erleben. Erlebe auch du das World Indoor Archery Mail Match.","robots":{"index":"index","follow":"follow","max-snippet":"max-snippet:-1","max-image-preview":"max-image-preview:large","max-video-preview":"max-video-preview:-1"},"canonical":"https:\/\/sfs-archery.de\/?page_id=2012","og_locale":"de_DE","og_type":"article","og_title":"Fernturnier WIAMM der IFAA - sfs-archery -Erlebnis Bogenschie\u00dfen-","og_description":"Das indoor Fernturniere WIAMM im Bogensport. Die einfache Art internationale Turnierluft zu erleben. Erlebe auch du das World Indoor Archery Mail Match.","og_url":"https:\/\/sfs-archery.de\/?page_id=2012","og_site_name":"sfs-archery -Erlebnis Bogenschie\u00dfen-","article_modified_time":"2020-08-17T06:09:46+00:00","og_image":[{"width":1866,"height":806,"url":"https:\/\/sfs-archery.de\/wp-content\/uploads\/2020\/05\/Bildschirmfoto-2020-05-18-um-14.52.57.png","type":"image\/png"}],"twitter_card":"summary_large_image","twitter_misc":{"Gesch\u00e4tzte Lesezeit":"2\u00a0Minuten"},"schema":{"@context":"https:\/\/schema.org","@graph":[{"@type":"WebPage","@id":"https:\/\/sfs-archery.de\/?page_id=2012","url":"https:\/\/sfs-archery.de\/?page_id=2012","name":"Fernturnier WIAMM der IFAA - sfs-archery -Erlebnis Bogenschie\u00dfen-","isPartOf":{"@id":"https:\/\/sfs-archery.de\/#website"},"primaryImageOfPage":{"@id":"https:\/\/sfs-archery.de\/?page_id=2012#primaryimage"},"image":{"@id":"https:\/\/sfs-archery.de\/?page_id=2012#primaryimage"},"thumbnailUrl":"https:\/\/sfs-archery.de\/wp-content\/uploads\/2020\/05\/Bildschirmfoto-2020-05-18-um-14.52.57.png","datePublished":"2020-05-18T12:59:01+00:00","dateModified":"2020-08-17T06:09:46+00:00","description":"Das indoor Fernturniere WIAMM im Bogensport. Die einfache Art internationale Turnierluft zu erleben. Erlebe auch du das World Indoor Archery Mail Match.","breadcrumb":{"@id":"https:\/\/sfs-archery.de\/?page_id=2012#breadcrumb"},"inLanguage":"de","potentialAction":[{"@type":"ReadAction","target":["https:\/\/sfs-archery.de\/?page_id=2012"]}]},{"@type":"ImageObject","inLanguage":"de","@id":"https:\/\/sfs-archery.de\/?page_id=2012#primaryimage","url":"https:\/\/sfs-archery.de\/wp-content\/uploads\/2020\/05\/Bildschirmfoto-2020-05-18-um-14.52.57.png","contentUrl":"https:\/\/sfs-archery.de\/wp-content\/uploads\/2020\/05\/Bildschirmfoto-2020-05-18-um-14.52.57.png","width":1866,"height":806,"caption":"Zielscheiben f\u00fcr die Hallenmeisterschaft des DFBV"},{"@type":"BreadcrumbList","@id":"https:\/\/sfs-archery.de\/?page_id=2012#breadcrumb","itemListElement":[{"@type":"ListItem","position":1,"name":"Startseite","item":"https:\/\/sfs-archery.de\/"},{"@type":"ListItem","position":2,"name":"Fernturniere im Bogensport","item":"https:\/\/sfs-archery.de\/?page_id=2050"},{"@type":"ListItem","position":3,"name":"WIAMM (World Indoor Archery Mail Match)"}]},{"@type":"WebSite","@id":"https:\/\/sfs-archery.de\/#website","url":"https:\/\/sfs-archery.de\/","name":"sfs-archery -Erlebnis Bogenschie\u00dfen-","description":"Bogensport, Fitness, Training im Bogenschie\u00dfen und Turniere.","publisher":{"@id":"https:\/\/sfs-archery.de\/#\/schema\/person\/35ed9e01696e805ee8db0b4d9bf4b52c"},"potentialAction":[{"@type":"SearchAction","target":{"@type":"EntryPoint","urlTemplate":"https:\/\/sfs-archery.de\/?s={search_term_string}"},"query-input":{"@type":"PropertyValueSpecification","valueRequired":true,"valueName":"search_term_string"}}],"inLanguage":"de"},{"@type":["Person","Organization"],"@id":"https:\/\/sfs-archery.de\/#\/schema\/person\/35ed9e01696e805ee8db0b4d9bf4b52c","name":"S\u00f6ren Spieckermann","image":{"@type":"ImageObject","inLanguage":"de","@id":"https:\/\/sfs-archery.de\/#\/schema\/person\/image\/","url":"https:\/\/sfs-archery.de\/wp-content\/uploads\/2020\/04\/IMG_20200308_095903_edited.jpg","contentUrl":"https:\/\/sfs-archery.de\/wp-content\/uploads\/2020\/04\/IMG_20200308_095903_edited.jpg","width":1500,"height":1500,"caption":"S\u00f6ren Spieckermann"},"logo":{"@id":"https:\/\/sfs-archery.de\/#\/schema\/person\/image\/"},"description":"S\u00f6ren Spieckermann besch\u00e4ftigt sich seit 2014 mit dem Bogensport. Er ist Mitglied im Bogensch\u00fctzenclub Neckargerach und nimmt an nationalen und internationalen Turnieren (IFAA) teil. Der Schwerpunkt seiner Ver\u00f6ffentlichungen liegt auf dem 3D Bogenschie\u00dfen, der Fitness im Bogensport, dem traditionellen Bogenschie\u00dfen und der Verbindung von Urlaub und Bogensport.. Neben dem Blog sfs-archery betreibt er die Internetseiten bogenurlaub-hohenlohe.de und blasrohrschiessen.de .","sameAs":["https:\/\/sfs-archery.de\/?page_id=69"]}]}},"_links":{"self":[{"href":"https:\/\/sfs-archery.de\/index.php?rest_route=\/wp\/v2\/pages\/2012","targetHints":{"allow":["GET"]}}],"collection":[{"href":"https:\/\/sfs-archery.de\/index.php?rest_route=\/wp\/v2\/pages"}],"about":[{"href":"https:\/\/sfs-archery.de\/index.php?rest_route=\/wp\/v2\/types\/page"}],"author":[{"embeddable":true,"href":"https:\/\/sfs-archery.de\/index.php?rest_route=\/wp\/v2\/users\/1"}],"replies":[{"embeddable":true,"href":"https:\/\/sfs-archery.de\/index.php?rest_route=%2Fwp%2Fv2%2Fcomments&post=2012"}],"version-history":[{"count":20,"href":"https:\/\/sfs-archery.de\/index.php?rest_route=\/wp\/v2\/pages\/2012\/revisions"}],"predecessor-version":[{"id":3516,"href":"https:\/\/sfs-archery.de\/index.php?rest_route=\/wp\/v2\/pages\/2012\/revisions\/3516"}],"up":[{"embeddable":true,"href":"https:\/\/sfs-archery.de\/index.php?rest_route=\/wp\/v2\/pages\/2050"}],"wp:featuredmedia":[{"embeddable":true,"href":"https:\/\/sfs-archery.de\/index.php?rest_route=\/wp\/v2\/media\/2013"}],"wp:attachment":[{"href":"https:\/\/sfs-archery.de\/index.php?rest_route=%2Fwp%2Fv2%2Fmedia&parent=2012"}],"curies":[{"name":"wp","href":"https:\/\/api.w.org\/{rel}","templated":true}]}}