{"id":2404,"date":"2020-06-26T09:58:18","date_gmt":"2020-06-26T07:58:18","guid":{"rendered":"https:\/\/sfs-archery.de\/?page_id=2404"},"modified":"2020-06-27T19:48:46","modified_gmt":"2020-06-27T17:48:46","slug":"gastautoren","status":"publish","type":"page","link":"https:\/\/sfs-archery.de\/?page_id=2404","title":{"rendered":"Gastautor"},"content":{"rendered":"<div id=\"pl-2404\"  class=\"panel-layout\" ><div id=\"pg-2404-0\"  class=\"panel-grid panel-no-style\" ><div id=\"pgc-2404-0-0\"  class=\"panel-grid-cell\" ><div id=\"panel-2404-0-0-0\" class=\"so-panel widget widget_sow-headline panel-first-child\" data-index=\"0\" ><div\n\t\t\t\n\t\t\tclass=\"so-widget-sow-headline so-widget-sow-headline-default-6b52635ceda7-2404\"\n\t\t\t\n\t\t><div class=\"sow-headline-container \">\n\t\t\t\t\t\t\t<h1 class=\"sow-headline\">\n\t\t\t\t\t\tWerde Gastautor bei sfs-archery\t\t\t\t\t\t<\/h1>\n\t\t\t\t\t\t<\/div>\n<\/div><\/div><div id=\"panel-2404-0-0-1\" class=\"so-panel widget widget_sow-hero\" data-index=\"1\" ><div\n\t\t\t\n\t\t\tclass=\"so-widget-sow-hero so-widget-sow-hero-default-6e283e92799f-2404 so-widget-fittext-wrapper\"\n\t\t\t data-fit-text-compressor=\"0.85\"\n\t\t>\t\t\t\t<div class=\"sow-slider-base\" style=\"display: none\" tabindex=\"0\">\n\t\t\t\t\t<ul\n\t\t\t\t\tclass=\"sow-slider-images\"\n\t\t\t\t\tdata-settings=\"{&quot;pagination&quot;:true,&quot;speed&quot;:800,&quot;timeout&quot;:8000,&quot;paused&quot;:false,&quot;pause_on_hover&quot;:false,&quot;swipe&quot;:true,&quot;nav_always_show_desktop&quot;:&quot;&quot;,&quot;nav_always_show_mobile&quot;:&quot;&quot;,&quot;breakpoint&quot;:&quot;780px&quot;,&quot;unmute&quot;:false,&quot;anchor&quot;:null}\"\n\t\t\t\t\t\t\t\t\t\tdata-anchor-id=\"\"\n\t\t\t\t>\t\t<li class=\"sow-slider-image  sow-slider-image-cover\" style=\"visibility: visible;;background-color: #333333\" >\n\t\t\t\t\t<div class=\"sow-slider-image-container\">\n\t\t\t<div class=\"sow-slider-image-wrapper\">\n\t\t\t\t<h1 style=\"text-align: center\">Schreib mir jetzt deinen Artikelvorschlag!<\/h1>\n<h2 style=\"text-align: center\">Ich freue mich auf eine gute Zusammenarbeit mit dir.<\/h2>\n<div class=\"sow-hero-buttons\" style=\"text-align: center\"><div\n\t\t\t\n\t\t\tclass=\"so-widget-sow-button so-widget-sow-button-flat-857739567c6a\"\n\t\t\t\n\t\t><div class=\"ow-button-base ow-button-align-center\"\n>\n\t\t\t<a\n\t\t\t\tclass=\"sowb-button ow-icon-placement-left ow-button-hover\" \t>\n\t\t<span>\n\t\t\t<span class=\"sow-icon-elegantline\" data-sow-icon=\"&#xe028;\"\n\t\tstyle=\"\" \n\t\taria-hidden=\"true\"><\/span>\n\t\t\tE-Mail mit Artikelvorschlag\t\t<\/span>\n\t\t\t<\/a>\n\t<\/div>\n<\/div><\/div>\n\t\t\t<\/div>\n\t\t<\/div>\n\t\t<div class=\"sow-slider-image-overlay sow-slider-image-cover\" style=\"opacity: 0.75;background-image: url(https:\/\/sfs-archery.de\/wp-content\/uploads\/2020\/06\/AdobeStock_170164941-scaled.jpeg)\"  ><\/div>\t\t<\/li>\n\t\t<\/ul>\t\t\t\t<ol class=\"sow-slider-pagination\">\n\t\t\t\t\t\t\t\t\t\t\t<li><a href=\"#\" data-goto=\"0\" aria-label=\"Display slide 1\"><\/a><\/li>\n\t\t\t\t\t\t\t\t\t<\/ol>\n\n\t\t\t\t<div class=\"sow-slide-nav sow-slide-nav-next\">\n\t\t\t\t\t<a href=\"#\" data-goto=\"next\" aria-label=\"Next slide\" data-action=\"next\">\n\t\t\t\t\t\t<em class=\"sow-sld-icon-thin-right\"><\/em>\n\t\t\t\t\t<\/a>\n\t\t\t\t<\/div>\n\n\t\t\t\t<div class=\"sow-slide-nav sow-slide-nav-prev\">\n\t\t\t\t\t<a href=\"#\" data-goto=\"previous\" aria-label=\"Previous slide\" data-action=\"prev\">\n\t\t\t\t\t\t<em class=\"sow-sld-icon-thin-left\"><\/em>\n\t\t\t\t\t<\/a>\n\t\t\t\t<\/div>\n\t\t\t\t<\/div><\/div><\/div><div id=\"panel-2404-0-0-2\" class=\"so-panel widget widget_sow-editor panel-last-child\" data-index=\"2\" ><div\n\t\t\t\n\t\t\tclass=\"so-widget-sow-editor so-widget-sow-editor-base\"\n\t\t\t\n\t\t><h3 class=\"widget-title\">Meine Vision !<\/h3>\n<div class=\"siteorigin-widget-tinymce textwidget\">\n\t<blockquote>\n<p>Meine Vision ist es allen bogensportbegeisterten Menschen eine hilfreiche Anlaufstelle zur pers\u00f6nlichen Weiterentwicklung zu sein.<\/p>\n<\/blockquote>\n<p>Die regelm\u00e4\u00dfige Ver\u00f6ffentlichung von Beitr\u00e4gen und Seiten von informativen und hochwertigen Inhalten ist dabei meine Mission.\u00a0 Der Blog hilft angehenden wie auch aktiven Bogensportlern neue Themen zu erarbeiten und bestehende Informationen zu vertiefen.<\/p>\n<\/div>\n<\/div><\/div><\/div><\/div><div id=\"pg-2404-1\"  class=\"panel-grid panel-no-style\" ><div id=\"pgc-2404-1-0\"  class=\"panel-grid-cell\" ><div id=\"panel-2404-1-0-0\" class=\"so-panel widget widget_sow-editor panel-first-child panel-last-child\" data-index=\"3\" ><div\n\t\t\t\n\t\t\tclass=\"so-widget-sow-editor so-widget-sow-editor-base\"\n\t\t\t\n\t\t><h3 class=\"widget-title\">Du kannst mich dabei unterst\u00fctzen anderen Bogensportler zu helfen!<\/h3>\n<div class=\"siteorigin-widget-tinymce textwidget\">\n\t<p>Die Ver\u00f6ffentlichung informativer Gastbeitr\u00e4ge ist dabei ein wichtiger Baustein. Du bist aktiver Bogensportler und teilst gerne dein Wissen? Dann bist du genau der richtige Gastautor!<\/p>\n<p>Auf sfs-archery biete ich Gastautoren die M\u00f6glichkeit Artikel zu ver\u00f6ffentlichen. Damit hilft du mit das Wissen \u00fcber den Bogensport zu verbreiten. Gleichzeitig erh\u00e4lst du damit die M\u00f6glichkeit, dich, deinen Blog, deine Internetseite oder was auch immer, bekannter zu machen. Eine l\u00e4ngerfristige Zusammenarbeit ist m\u00f6glich.<\/p>\n<p>Damit ich im Interesse meiner Leser sicherstellen kann das der Blog dauerhaft hochwertige Inhalte hat, muss ich leider ein paar Regeln und Hinweise geben. Damit sch\u00fctze ich meine Leser, andere Gastautoren und auch mich. Ich will nicht das dieser Blog zu einer Werbeplattform oder \u00e4hnlichem verkommt. <strong>\"Content is king\"<\/strong> geht in meinem privat betriebenen Blog vor Werbung und Gesch\u00e4ft.<\/p>\n<p><strong>Du hast eine Idee f\u00fcr einen Artikel bei sfs-archery.de der zum Thema Bogensport passt?<\/strong> Dann schreib mir bitte eine Email an <a href=\"mailto:soeren.spieckermann@web.de\">soeren.spieckermann@web.de<\/a> mit deinem Themenvorschlag.<br \/>\nBeschreibe in 3-5 S\u00e4tzen deinen Themenvorschlag und warum dieser anderen Bogensch\u00fctzen helfen kann. ich lese jede E-Mail und melden mich zeitnah bei dir. <strong>Bitte keine fertigen Artikel unabgesprochen einsenden!<\/strong><\/p>\n<p>Es kann sein das ich einen Artikel oder inhaltlichen Vorschlag ablehne. Dies ist keine Wertung zu dir oder deinem Thema, sondern es passt dann irgendwie nicht zum Blog oder der Zielgruppe (Bogensch\u00fctzen).<\/p>\n<\/div>\n<\/div><\/div><\/div><div id=\"pgc-2404-1-1\"  class=\"panel-grid-cell\" ><div id=\"panel-2404-1-1-0\" class=\"so-panel widget widget_sow-image panel-first-child panel-last-child\" data-index=\"4\" ><div\n\t\t\t\n\t\t\tclass=\"so-widget-sow-image so-widget-sow-image-default-c67d20f9f743-2404\"\n\t\t\t\n\t\t>\n<div class=\"sow-image-container\">\n\t\t<img \n\tsrc=\"https:\/\/sfs-archery.de\/wp-content\/uploads\/2020\/06\/AdobeStock_142998062-1024x682.jpeg\" width=\"720\" height=\"480\" srcset=\"https:\/\/sfs-archery.de\/wp-content\/uploads\/2020\/06\/AdobeStock_142998062-1024x682.jpeg 1024w, https:\/\/sfs-archery.de\/wp-content\/uploads\/2020\/06\/AdobeStock_142998062-300x200.jpeg 300w, https:\/\/sfs-archery.de\/wp-content\/uploads\/2020\/06\/AdobeStock_142998062-768x512.jpeg 768w, https:\/\/sfs-archery.de\/wp-content\/uploads\/2020\/06\/AdobeStock_142998062-1536x1023.jpeg 1536w, https:\/\/sfs-archery.de\/wp-content\/uploads\/2020\/06\/AdobeStock_142998062-2048x1365.jpeg 2048w, https:\/\/sfs-archery.de\/wp-content\/uploads\/2020\/06\/AdobeStock_142998062-272x182.jpeg 272w\" sizes=\"(max-width: 720px) 100vw, 720px\" title=\"Business concept - Top view notebook writing Guest Blogging\" alt=\"Guest Blogging mit Papier und Stift\" \t\tclass=\"so-widget-image\"\/>\n\t<\/div>\n\n<\/div><\/div><\/div><\/div><div id=\"pg-2404-2\"  class=\"panel-grid panel-no-style\" ><div id=\"pgc-2404-2-0\"  class=\"panel-grid-cell\" ><div id=\"panel-2404-2-0-0\" class=\"so-panel widget widget_sow-editor panel-first-child\" data-index=\"5\" ><div\n\t\t\t\n\t\t\tclass=\"so-widget-sow-editor so-widget-sow-editor-base\"\n\t\t\t\n\t\t>\n<div class=\"siteorigin-widget-tinymce textwidget\">\n\t<p>Als Gastautor solltest folgende Regeln beachten:<\/p>\n<ul>\n<li>Dein Beitrag sollte muss sich mit einem <strong>Bogensportthema befassen<\/strong> und sich an die Zielgruppe \"Bogensch\u00fctzen\" richten. Der Artikel kann gerne auch einen pers\u00f6nlichen Bezug zu dir beinhalten.<\/li>\n<li>An <strong>oberster Stelle<\/strong> steht der<strong> Nutzen f\u00fcr den Leser<\/strong>. Im Fokus steht der Mehrwert und Nutzen f\u00fcr den Leser!<\/li>\n<li><strong>Nicht gew\u00fcnscht<\/strong> sind <strong>allgemeine inhaltslose Themen.<\/strong> Werbetexte, Pressemeldungen, Produktberichte oder reine Erfolgsgeschichten zur Eigenwerbung haben keine Chance.<\/li>\n<li>Guter Inhalt ist nicht in f\u00fcnf W\u00f6rtern geliefert. Der sp\u00e4tere Artikel sollte <strong>mindestens 800 W\u00f6rter<\/strong> lang sein.<\/li>\n<li>Auch <strong>Artikelreihen sind m\u00f6glich<\/strong>, wenn das Thema umfangreicher ist.<\/li>\n<li><strong>Keine Affiliate-Link<\/strong>s im Artikel!<\/li>\n<li><strong>Kein Clickbait!<\/strong> \u00dcbertrieben rei\u00dferische \u00dcberschriften sind nicht mit gutem und wertvollen Inhalt vereinbar.<\/li>\n<li>Du stellt mir <strong>Informationen f\u00fcr die Autorenbox<\/strong> zur Verf\u00fcgung. Die Informationen umfassen neben einer Kurzbeschreibung \u2013 idealerweise mit Foto und in der dritten Person \u2013 auch Links zu deinen Social-Media-Kan\u00e4len und zu deiner Website oder Blog.<\/li>\n<\/ul>\n<\/div>\n<\/div><\/div><div id=\"panel-2404-2-0-1\" class=\"so-panel widget widget_sow-editor panel-last-child\" data-index=\"6\" ><div\n\t\t\t\n\t\t\tclass=\"so-widget-sow-editor so-widget-sow-editor-base\"\n\t\t\t\n\t\t>\n<div class=\"siteorigin-widget-tinymce textwidget\">\n\t<\/div>\n<\/div><\/div><\/div><\/div><\/div>","protected":false},"excerpt":{"rendered":"<p>Meine Vision ist es allen bogensportbegeisterten Menschen eine hilfreiche Anlaufstelle zur pers\u00f6nlichen Weiterentwicklung zu sein. Die regelm\u00e4\u00dfige Ver\u00f6ffentlichung von Beitr\u00e4gen und Seiten von informativen und hochwertigen Inhalten ist dabei meine Mission.\u00a0 Der Blog hilft angehenden wie auch aktiven Bogensportlern neue [&hellip;]<\/p>\n","protected":false},"author":1,"featured_media":0,"parent":69,"menu_order":0,"comment_status":"closed","ping_status":"closed","template":"","meta":{"footnotes":""},"class_list":["post-2404","page","type-page","status-publish","hentry","post"],"yoast_head":"<!-- This site is optimized with the Yoast SEO plugin v26.8 - https:\/\/yoast.com\/product\/yoast-seo-wordpress\/ -->\n<title>Gastautor - sfs-archery -Erlebnis Bogenschie\u00dfen-<\/title>\n<meta name=\"description\" content=\"Werde Gastautor zum Thema Bogensport auf einem der interessantesten Blogs zum Thema Bogenschie\u00dfen. Vergr\u00f6\u00dfere deine Bekanntheit und Reputation.\" \/>\n<meta name=\"robots\" content=\"index, follow, max-snippet:-1, max-image-preview:large, max-video-preview:-1\" \/>\n<link rel=\"canonical\" href=\"https:\/\/sfs-archery.de\/?page_id=2404\" \/>\n<meta property=\"og:locale\" content=\"de_DE\" \/>\n<meta property=\"og:type\" content=\"article\" \/>\n<meta property=\"og:title\" content=\"Gastautor - sfs-archery -Erlebnis Bogenschie\u00dfen-\" \/>\n<meta property=\"og:description\" content=\"Werde Gastautor zum Thema Bogensport auf einem der interessantesten Blogs zum Thema Bogenschie\u00dfen. Vergr\u00f6\u00dfere deine Bekanntheit und Reputation.\" \/>\n<meta property=\"og:url\" content=\"https:\/\/sfs-archery.de\/?page_id=2404\" \/>\n<meta property=\"og:site_name\" content=\"sfs-archery -Erlebnis Bogenschie\u00dfen-\" \/>\n<meta property=\"article:modified_time\" content=\"2020-06-27T17:48:46+00:00\" \/>\n<meta name=\"twitter:card\" content=\"summary_large_image\" \/>\n<meta name=\"twitter:label1\" content=\"Gesch\u00e4tzte Lesezeit\" \/>\n\t<meta name=\"twitter:data1\" content=\"2\u00a0Minuten\" \/>\n<script type=\"application\/ld+json\" class=\"yoast-schema-graph\">{\"@context\":\"https:\/\/schema.org\",\"@graph\":[{\"@type\":\"WebPage\",\"@id\":\"https:\/\/sfs-archery.de\/?page_id=2404\",\"url\":\"https:\/\/sfs-archery.de\/?page_id=2404\",\"name\":\"Gastautor - sfs-archery -Erlebnis Bogenschie\u00dfen-\",\"isPartOf\":{\"@id\":\"https:\/\/sfs-archery.de\/#website\"},\"datePublished\":\"2020-06-26T07:58:18+00:00\",\"dateModified\":\"2020-06-27T17:48:46+00:00\",\"description\":\"Werde Gastautor zum Thema Bogensport auf einem der interessantesten Blogs zum Thema Bogenschie\u00dfen. Vergr\u00f6\u00dfere deine Bekanntheit und Reputation.\",\"breadcrumb\":{\"@id\":\"https:\/\/sfs-archery.de\/?page_id=2404#breadcrumb\"},\"inLanguage\":\"de\",\"potentialAction\":[{\"@type\":\"ReadAction\",\"target\":[\"https:\/\/sfs-archery.de\/?page_id=2404\"]}]},{\"@type\":\"BreadcrumbList\",\"@id\":\"https:\/\/sfs-archery.de\/?page_id=2404#breadcrumb\",\"itemListElement\":[{\"@type\":\"ListItem\",\"position\":1,\"name\":\"Startseite\",\"item\":\"https:\/\/sfs-archery.de\/\"},{\"@type\":\"ListItem\",\"position\":2,\"name\":\"\u00dcber mich\",\"item\":\"https:\/\/sfs-archery.de\/?page_id=69\"},{\"@type\":\"ListItem\",\"position\":3,\"name\":\"Gastautor\"}]},{\"@type\":\"WebSite\",\"@id\":\"https:\/\/sfs-archery.de\/#website\",\"url\":\"https:\/\/sfs-archery.de\/\",\"name\":\"sfs-archery -Erlebnis Bogenschie\u00dfen-\",\"description\":\"Bogensport, Fitness, Training im Bogenschie\u00dfen und Turniere.\",\"publisher\":{\"@id\":\"https:\/\/sfs-archery.de\/#\/schema\/person\/35ed9e01696e805ee8db0b4d9bf4b52c\"},\"potentialAction\":[{\"@type\":\"SearchAction\",\"target\":{\"@type\":\"EntryPoint\",\"urlTemplate\":\"https:\/\/sfs-archery.de\/?s={search_term_string}\"},\"query-input\":{\"@type\":\"PropertyValueSpecification\",\"valueRequired\":true,\"valueName\":\"search_term_string\"}}],\"inLanguage\":\"de\"},{\"@type\":[\"Person\",\"Organization\"],\"@id\":\"https:\/\/sfs-archery.de\/#\/schema\/person\/35ed9e01696e805ee8db0b4d9bf4b52c\",\"name\":\"S\u00f6ren Spieckermann\",\"image\":{\"@type\":\"ImageObject\",\"inLanguage\":\"de\",\"@id\":\"https:\/\/sfs-archery.de\/#\/schema\/person\/image\/\",\"url\":\"https:\/\/sfs-archery.de\/wp-content\/uploads\/2020\/04\/IMG_20200308_095903_edited.jpg\",\"contentUrl\":\"https:\/\/sfs-archery.de\/wp-content\/uploads\/2020\/04\/IMG_20200308_095903_edited.jpg\",\"width\":1500,\"height\":1500,\"caption\":\"S\u00f6ren Spieckermann\"},\"logo\":{\"@id\":\"https:\/\/sfs-archery.de\/#\/schema\/person\/image\/\"},\"description\":\"S\u00f6ren Spieckermann besch\u00e4ftigt sich seit 2014 mit dem Bogensport. Er ist Mitglied im Bogensch\u00fctzenclub Neckargerach und nimmt an nationalen und internationalen Turnieren (IFAA) teil. Der Schwerpunkt seiner Ver\u00f6ffentlichungen liegt auf dem 3D Bogenschie\u00dfen, der Fitness im Bogensport, dem traditionellen Bogenschie\u00dfen und der Verbindung von Urlaub und Bogensport.. Neben dem Blog sfs-archery betreibt er die Internetseiten bogenurlaub-hohenlohe.de und blasrohrschiessen.de .\",\"sameAs\":[\"https:\/\/sfs-archery.de\/?page_id=69\"]}]}<\/script>\n<!-- \/ Yoast SEO plugin. -->","yoast_head_json":{"title":"Gastautor - sfs-archery -Erlebnis Bogenschie\u00dfen-","description":"Werde Gastautor zum Thema Bogensport auf einem der interessantesten Blogs zum Thema Bogenschie\u00dfen. Vergr\u00f6\u00dfere deine Bekanntheit und Reputation.","robots":{"index":"index","follow":"follow","max-snippet":"max-snippet:-1","max-image-preview":"max-image-preview:large","max-video-preview":"max-video-preview:-1"},"canonical":"https:\/\/sfs-archery.de\/?page_id=2404","og_locale":"de_DE","og_type":"article","og_title":"Gastautor - sfs-archery -Erlebnis Bogenschie\u00dfen-","og_description":"Werde Gastautor zum Thema Bogensport auf einem der interessantesten Blogs zum Thema Bogenschie\u00dfen. Vergr\u00f6\u00dfere deine Bekanntheit und Reputation.","og_url":"https:\/\/sfs-archery.de\/?page_id=2404","og_site_name":"sfs-archery -Erlebnis Bogenschie\u00dfen-","article_modified_time":"2020-06-27T17:48:46+00:00","twitter_card":"summary_large_image","twitter_misc":{"Gesch\u00e4tzte Lesezeit":"2\u00a0Minuten"},"schema":{"@context":"https:\/\/schema.org","@graph":[{"@type":"WebPage","@id":"https:\/\/sfs-archery.de\/?page_id=2404","url":"https:\/\/sfs-archery.de\/?page_id=2404","name":"Gastautor - sfs-archery -Erlebnis Bogenschie\u00dfen-","isPartOf":{"@id":"https:\/\/sfs-archery.de\/#website"},"datePublished":"2020-06-26T07:58:18+00:00","dateModified":"2020-06-27T17:48:46+00:00","description":"Werde Gastautor zum Thema Bogensport auf einem der interessantesten Blogs zum Thema Bogenschie\u00dfen. Vergr\u00f6\u00dfere deine Bekanntheit und Reputation.","breadcrumb":{"@id":"https:\/\/sfs-archery.de\/?page_id=2404#breadcrumb"},"inLanguage":"de","potentialAction":[{"@type":"ReadAction","target":["https:\/\/sfs-archery.de\/?page_id=2404"]}]},{"@type":"BreadcrumbList","@id":"https:\/\/sfs-archery.de\/?page_id=2404#breadcrumb","itemListElement":[{"@type":"ListItem","position":1,"name":"Startseite","item":"https:\/\/sfs-archery.de\/"},{"@type":"ListItem","position":2,"name":"\u00dcber mich","item":"https:\/\/sfs-archery.de\/?page_id=69"},{"@type":"ListItem","position":3,"name":"Gastautor"}]},{"@type":"WebSite","@id":"https:\/\/sfs-archery.de\/#website","url":"https:\/\/sfs-archery.de\/","name":"sfs-archery -Erlebnis Bogenschie\u00dfen-","description":"Bogensport, Fitness, Training im Bogenschie\u00dfen und Turniere.","publisher":{"@id":"https:\/\/sfs-archery.de\/#\/schema\/person\/35ed9e01696e805ee8db0b4d9bf4b52c"},"potentialAction":[{"@type":"SearchAction","target":{"@type":"EntryPoint","urlTemplate":"https:\/\/sfs-archery.de\/?s={search_term_string}"},"query-input":{"@type":"PropertyValueSpecification","valueRequired":true,"valueName":"search_term_string"}}],"inLanguage":"de"},{"@type":["Person","Organization"],"@id":"https:\/\/sfs-archery.de\/#\/schema\/person\/35ed9e01696e805ee8db0b4d9bf4b52c","name":"S\u00f6ren Spieckermann","image":{"@type":"ImageObject","inLanguage":"de","@id":"https:\/\/sfs-archery.de\/#\/schema\/person\/image\/","url":"https:\/\/sfs-archery.de\/wp-content\/uploads\/2020\/04\/IMG_20200308_095903_edited.jpg","contentUrl":"https:\/\/sfs-archery.de\/wp-content\/uploads\/2020\/04\/IMG_20200308_095903_edited.jpg","width":1500,"height":1500,"caption":"S\u00f6ren Spieckermann"},"logo":{"@id":"https:\/\/sfs-archery.de\/#\/schema\/person\/image\/"},"description":"S\u00f6ren Spieckermann besch\u00e4ftigt sich seit 2014 mit dem Bogensport. Er ist Mitglied im Bogensch\u00fctzenclub Neckargerach und nimmt an nationalen und internationalen Turnieren (IFAA) teil. Der Schwerpunkt seiner Ver\u00f6ffentlichungen liegt auf dem 3D Bogenschie\u00dfen, der Fitness im Bogensport, dem traditionellen Bogenschie\u00dfen und der Verbindung von Urlaub und Bogensport.. Neben dem Blog sfs-archery betreibt er die Internetseiten bogenurlaub-hohenlohe.de und blasrohrschiessen.de .","sameAs":["https:\/\/sfs-archery.de\/?page_id=69"]}]}},"_links":{"self":[{"href":"https:\/\/sfs-archery.de\/index.php?rest_route=\/wp\/v2\/pages\/2404","targetHints":{"allow":["GET"]}}],"collection":[{"href":"https:\/\/sfs-archery.de\/index.php?rest_route=\/wp\/v2\/pages"}],"about":[{"href":"https:\/\/sfs-archery.de\/index.php?rest_route=\/wp\/v2\/types\/page"}],"author":[{"embeddable":true,"href":"https:\/\/sfs-archery.de\/index.php?rest_route=\/wp\/v2\/users\/1"}],"replies":[{"embeddable":true,"href":"https:\/\/sfs-archery.de\/index.php?rest_route=%2Fwp%2Fv2%2Fcomments&post=2404"}],"version-history":[{"count":45,"href":"https:\/\/sfs-archery.de\/index.php?rest_route=\/wp\/v2\/pages\/2404\/revisions"}],"predecessor-version":[{"id":2461,"href":"https:\/\/sfs-archery.de\/index.php?rest_route=\/wp\/v2\/pages\/2404\/revisions\/2461"}],"up":[{"embeddable":true,"href":"https:\/\/sfs-archery.de\/index.php?rest_route=\/wp\/v2\/pages\/69"}],"wp:attachment":[{"href":"https:\/\/sfs-archery.de\/index.php?rest_route=%2Fwp%2Fv2%2Fmedia&parent=2404"}],"curies":[{"name":"wp","href":"https:\/\/api.w.org\/{rel}","templated":true}]}}