{"id":363,"date":"2017-04-12T10:56:41","date_gmt":"2017-04-12T08:56:41","guid":{"rendered":"http:\/\/sfs-archery.de\/?page_id=363"},"modified":"2021-05-31T14:30:26","modified_gmt":"2021-05-31T12:30:26","slug":"grosses-ziel-ebhc-2020","status":"publish","type":"page","link":"https:\/\/sfs-archery.de\/?page_id=363","title":{"rendered":"EBHC 2020 in Frankreich (EBHC \/20202022)"},"content":{"rendered":"<div id=\"pl-363\"  class=\"panel-layout\" ><div id=\"pg-363-0\"  class=\"panel-grid panel-no-style\" ><div id=\"pgc-363-0-0\"  class=\"panel-grid-cell\" ><div id=\"panel-363-0-0-0\" class=\"so-panel widget widget_sow-headline panel-first-child\" data-index=\"0\" ><div\n\t\t\t\n\t\t\tclass=\"so-widget-sow-headline so-widget-sow-headline-default-ea0af4cf39ae-363\"\n\t\t\t\n\t\t><div class=\"sow-headline-container \">\n\t\t\t\t\t\t\t<h1 class=\"sow-headline\">\n\t\t\t\t\t\tGro\u00dfes Ziel: EBHC 2020 in Frankreich\t\t\t\t\t\t<\/h1>\n\t\t\t\t\t\t\t\t\t\t\t<div class=\"decoration\">\n\t\t\t\t\t\t<div class=\"decoration-inside\"><\/div>\n\t\t\t\t\t<\/div>\n\t\t\t\t\t\t\t\t\t\t\t<h3 class=\"sow-sub-headline\">\n\t\t\t\t\t\tEuropameister werde ich vermutlich nicht, aber ....\t\t\t\t\t\t<\/h3>\n\t\t\t\t\t\t<\/div>\n<\/div><\/div><div id=\"panel-363-0-0-1\" class=\"so-panel widget widget_sow-editor panel-last-child\" data-index=\"1\" ><div\n\t\t\t\n\t\t\tclass=\"so-widget-sow-editor so-widget-sow-editor-base\"\n\t\t\t\n\t\t>\n<div class=\"siteorigin-widget-tinymce textwidget\">\n\t<p>... ich mag die Gemeinschaft mit anderen Bogensch\u00fctzen und habe inzwischen sehr Gefallen an gemeinsamen Wettbewerben gefunden.<br \/>\nDie EBHC mit ihren \u00fcber 1000 internationalen Teilnehmern ist dabei f\u00fcr mich ein echtes Ziel. Aber auch eine Herausforderung.<\/p>\n<p><strong>Die EBHC (European Bowhunter Championships \/ Europameisterschaft im 3D Bogensport der IFAA)<\/strong><br \/>\nDas Turnier geht \u00fcber 5 Tage, wobei ein Tag Ruhetag ist. An jedem Tag wird ein <a href=\"https:\/\/sfs-archery.de\/?page_id=2123\">Bogenparcours<\/a> geschossen. Der Wertungsmodus mit dem der 3D Parcours zu bew\u00e4ltigen ist, unterscheidet sich dabei.<br \/>\nAn zwei Tagen schie\u00dft man die sogenannte 3-Pfeil Runde. Hier hat man an jeder Station des Parcours bis zu drei Pfeile um das Ziel zu treffen.<br \/>\nAn den beiden anderen Tagen werden sogenannte Hunter-Runden absolviert. Dabei wird eine Hunter-Runde nach den Regeln der \"2-Pfeil-Hunter\" geschossen, w\u00e4hrend die andere Runde eine 1-Pfeil-Hunterrunde darstellt.<br \/>\nBei der 2-Pfeil-Hunterrunde wird an jeder Station zwei mal auf ein Ziel geschossen. Entweder von einem Pflock je ein Pfeil auf zwei unterschiedliche Ziele, oder von zwei unterschiedlichen Abschu\u00dfpfl\u00f6cken je ein Pfeil auf das selbe Ziel.<br \/>\nImmer nur ein Pfeil hei\u00dft es bei der 1-Pfeil Hunter-Runde. Je Station schie\u00dft man ein Pfeil . Hier gilt das Prinzip: \"Alles oder nichts\".<\/p>\n<p><strong>Der Austragungsort<\/strong><br \/>\nDie EBHC 2020 findet vom 24.6.2022 bis 2.7.2022 in Frankreich statt. Genauer gesagt in Confolens. Dies ist eine kleine Gemeinde mit etwa 3000 Einwohnern in der Region Nouvelle-Aquitaine. Confolens liegt am Zusammenfluss von Vienne und Goire. Das ist etwa etwa 70 Kilometer von Limoges, Angoul\u00eame oder Poitiers entfernt. Von meinem Wohnort Schw\u00e4bisch Hall sind es ca. 1050km immer in Richtung Westen. Also ist schon mal eine l\u00e4ngere Anfahrt eingeplant.<\/p>\n<p>Unter <a href=\"https:\/\/ebhc2020.eu\/blank\" target=\"_blank\" rel=\"noopener noreferrer\">https:\/\/ebhc2020.eu\/blank<\/a> gibt es mehr Informationen zur EBHC.<\/p>\n<p>Im Jahr 2016 fand die EBHC in Saalbach Hinterglemm (\u00d6sterreich) statt.<br \/>\nLink: <a href=\"http:\/\/ebhc2016.at\/de\/home\/\" target=\"_blank\" rel=\"noopener noreferrer\">http:\/\/ebhc2016.at\/de\/home\/<\/a><\/p>\n<p>2018\u00a0wurde die EBHC in Deutschland ausgetragen. (Kurort Oberwiesenthal)<br \/>\nLink: <a href=\"http:\/\/www.dfbv.de\/index.php\/meisterschaften-ligen\/international\/ebhc#deutsch\" target=\"_blank\" rel=\"noopener noreferrer\">http:\/\/www.dfbv.de\/index.php\/meisterschaften-ligen\/international\/ebhc#deutsch<\/a><\/p>\n<p><strong>Die Herausforderung<\/strong><br \/>\nWie im Titel schon angemerkt, ich werde bei meiner Leistung sicher nicht mal in die n\u00e4he der ersten Platzierungen meiner Klasse kommen. Aber f\u00fcr mich ist dieses Turnier eine sportliche Herausforderung.<br \/>\nVier Bogenparcours unter Turnierbedingungen in f\u00fcnf Tagen zu bew\u00e4ltigen ist daher auch eine k\u00f6rperliche Herausforderung. Als ich Anfang 2018 den Entschluss gefasst hatte an der EBHC teilzunehmen war mir eines klar. In der k\u00f6rperlichen Verfassung in der ich bin klappt das nie. Also habe ich mich im M\u00e4rz 2018 auf einen langen Weg gemacht.<\/p>\n<p><strong>Der Weg<\/strong><br \/>\nDer Weg zur EBHC 2020 besteht f\u00fcr mich aus drei Komponenten.<\/p>\n<ul>\n<li>Der Qualifikation und Registrierung f\u00fcr die EBHC 2020<\/li>\n<li>Die k\u00f6rperlichen Vorbereitung<\/li>\n<li>Der Vorbereitung bzgl. des Bogenschie\u00dfens<\/li>\n<\/ul>\n<p><strong>Der Qualifikation und Registrierung f\u00fcr die EBHC 2020<\/strong><br \/>\nDer einfachste Part. Als die Registrierung f\u00fcr die EBHC er\u00f6ffnet wurde, habe ich mich gleich als Teilnehmer registriert. Angabe der Daten, \u00dcberweisung des Startgeldes und schon war der Punkt abgehakt.<br \/>\nDie Qualifikation ist da etwas komplizierter, aber auch kein Hexenwerk. man muss in den letzten beiden Jahren vor der EBHC an min. zwei offiziellen Verbandsturnieren teilgenommen haben die auf der IFAA Scorecard vermerkt wurden. Mit der Teilnahme an den Regionalmeisterschaften des DFBV hatte ich Anfang 2020 auch diesen Punkt erf\u00fcllt.<br \/>\nDamit ist dieser Punkt erf\u00fcllt !!<\/p>\n<p><strong>Die k\u00f6rperlichen Vorbereitung<\/strong><br \/>\nDie gr\u00f6\u00dfte pers\u00f6nliche Baustelle. Mit der k\u00f6rperlichen Verfassung von Anfang 2018 konnte ich max. ein Bogenparcours alle zwei Tage halbwegs bew\u00e4ltigen. Viel mehr h\u00e4tte dazu gef\u00fchrt das ich mehr mit \"\u00dcberleben\" als mit Bogenschie\u00dfen auf dem Parcours besch\u00e4ftig gewesen w\u00e4re. Ich machte mich dann als im M\u00e4rz 2018 auf dem Weg meine k\u00f6rperliche Fitness zu verbessern. Ab ins Gym. <a href=\"https:\/\/sfs-archery.de\/?page_id=2149\">Krafttraining <\/a>ist auch f\u00fcr den Bogensport wichtig \ud83d\ude42<\/p>\n<p>Seit M\u00e4rz 2018 trainiere ich nun konsequent ca. 3x bis 4x die Woche im Fitnessstudio Kraft- und Ausdauertraining. Ich habe mit meinen Fitnesstrainern einen Plan erarbeitet wie ich mich optimal vorbereiten kann.<br \/>\nDa eine Parcoursrunde auch \u00c4hnlichkeiten mit \"Wandern\" hat, habe ich auch mein Wanderpensum gesteigert. Der Gipfel ist die Teilnahme an dem Event \"Bergische50\", einen 50km Wandermarathon den man in 12h absolvieren sollte. Am 2.5.2020 steht diese Herausforderung an.<\/p>\n<p>Stand Anfang 2020: Aktuell stehen -30kg K\u00f6rpergewicht zu buche. Meine allgemeine Fitness ist auf einem Level bei dem ich sagen kann das ich eine Turnierwoche durchstehen kann. Ich bin auch schon bei uns zwei Parcourse an einem Tag gelaufen und das war kein gr\u00f6\u00dferes Problem. Nach dem Winterturnier auf dem Saurier-Park Ende 2019 war ich weit weg von meinen k\u00f6rperlichen Grenzen. Auch am n\u00e4chsten Tag fand ich mich sehr ausgeruht und k\u00f6rperlich bereit.<br \/>\nVon daher kann ich auch diesen Punkt soweit als erf\u00fcllt ansehen, auch wenn ich noch diese Form mindestens bis zur EBHC halten und daher das <a href=\"https:\/\/sfs-archery.de\/?page_id=1812\">allgemeine Training<\/a> weiter aufrecht erhalte muss.<\/p>\n<p><strong>Der Vorbereitung bzgl. des Bogenschie\u00dfens<\/strong><br \/>\nBeim Bogenschie\u00dfen hat man nie ausgelernt. Daher wird dieser Punkt wohl nie erf\u00fcllt sein k\u00f6nnen. Da mir auch die F\u00e4higkeiten aktuell fehlen in der Spitze mit zu schie\u00dfen, m\u00f6chte ich dennoch ein paar Punkte erreichen. Zum einen m\u00f6chte ich im Vorfeld Erfahrung sammeln mit den unterschiedlichen Austragungsmodus. Bei der EBHC wird die klassische drei-Pfeil-Runde wie auch die einfach Hunter (Pro Station nur ein Pfeil) und Doppel Hunter (zwei Pfeile auf zwei Ziele pro Station) geschossen. Durch die Teilnahme an der Bowhunterliga 2019 und der kommenden Saison 2020 habe ich hier viel im Bereich der Hunter-Runden an Erfahrung sammeln k\u00f6nnen. Die drei-PFeil-Runden trainiere ich Privat bzw. durch Teilnahme auf Freizeitturnieren. Auch was die Regeln der Sportordnung angeht bin ich inzwischen \"sattelfest\". Dieser Punkt ist daher erf\u00fcllt.<br \/>\nDer andere Punkt ist das ich zumindest halbwegs \"mitschiessen\" kann und die Mitsch\u00fctzen der Gruppe nicht unn\u00f6tig durch schwache Leistungen aufhalte oder sonstwie nerve.. Ein wenig Anspruch hat man ja an einer Europameisterschaft \ud83d\ude42<br \/>\nAlso flei\u00dfig Bogenschie\u00dfen trainieren. Auch hier muss ich feststellen das ich \u00fcber die letzten beiden Jahre besser geworden bin. Aktuell sch\u00e4tze ich mich so ein das ich im oberen H\u00e4lfte des hinteren Drittels meiner Klasse leistungstechnisch angesiedelt bin. Das ist noch nicht ganz was ich mir vorstelle aber die Richtung des Wegs stimmt und ich arbeite weiter daran. U.a. auch durch die erneute Teilname an der Bowhunterliga dieses Jahr im Vorfeld der EBHC.<\/p>\n<\/div>\n<\/div><\/div><\/div><\/div><\/div>","protected":false},"excerpt":{"rendered":"<p>&#8230; ich mag die Gemeinschaft mit anderen Bogensch\u00fctzen und habe inzwischen sehr Gefallen an gemeinsamen Wettbewerben gefunden. Die EBHC mit ihren \u00fcber 1000 internationalen Teilnehmern ist dabei f\u00fcr mich ein echtes Ziel. Aber auch eine Herausforderung. Die EBHC (European Bowhunter [&hellip;]<\/p>\n","protected":false},"author":1,"featured_media":0,"parent":1548,"menu_order":0,"comment_status":"closed","ping_status":"closed","template":"","meta":{"footnotes":""},"class_list":["post-363","page","type-page","status-publish","hentry","post"],"yoast_head":"<!-- This site is optimized with the Yoast SEO plugin v26.8 - https:\/\/yoast.com\/product\/yoast-seo-wordpress\/ -->\n<title>Die EBHC der iFAA - sfs-archery -Erlebnis Bogenschie\u00dfen-<\/title>\n<meta name=\"description\" content=\"Europameisterschaft im 3D Bogenschie\u00dfen (EBHC) der IFAA. Das 3D Sportevent f\u00fcr alle Bogensch\u00fctzen die Turniere m\u00f6gen. Erfahre mehr \u00fcber das Event.\" \/>\n<meta name=\"robots\" content=\"index, follow, max-snippet:-1, max-image-preview:large, max-video-preview:-1\" \/>\n<link rel=\"canonical\" href=\"https:\/\/sfs-archery.de\/?page_id=363\" \/>\n<meta property=\"og:locale\" content=\"de_DE\" \/>\n<meta property=\"og:type\" content=\"article\" \/>\n<meta property=\"og:title\" content=\"Die EBHC der iFAA - sfs-archery -Erlebnis Bogenschie\u00dfen-\" \/>\n<meta property=\"og:description\" content=\"Europameisterschaft im 3D Bogenschie\u00dfen (EBHC) der IFAA. Das 3D Sportevent f\u00fcr alle Bogensch\u00fctzen die Turniere m\u00f6gen. Erfahre mehr \u00fcber das Event.\" \/>\n<meta property=\"og:url\" content=\"https:\/\/sfs-archery.de\/?page_id=363\" \/>\n<meta property=\"og:site_name\" content=\"sfs-archery -Erlebnis Bogenschie\u00dfen-\" \/>\n<meta property=\"article:modified_time\" content=\"2021-05-31T12:30:26+00:00\" \/>\n<meta name=\"twitter:card\" content=\"summary_large_image\" \/>\n<meta name=\"twitter:label1\" content=\"Gesch\u00e4tzte Lesezeit\" \/>\n\t<meta name=\"twitter:data1\" content=\"5\u00a0Minuten\" \/>\n<script type=\"application\/ld+json\" class=\"yoast-schema-graph\">{\"@context\":\"https:\/\/schema.org\",\"@graph\":[{\"@type\":\"WebPage\",\"@id\":\"https:\/\/sfs-archery.de\/?page_id=363\",\"url\":\"https:\/\/sfs-archery.de\/?page_id=363\",\"name\":\"Die EBHC der iFAA - sfs-archery -Erlebnis Bogenschie\u00dfen-\",\"isPartOf\":{\"@id\":\"https:\/\/sfs-archery.de\/#website\"},\"datePublished\":\"2017-04-12T08:56:41+00:00\",\"dateModified\":\"2021-05-31T12:30:26+00:00\",\"description\":\"Europameisterschaft im 3D Bogenschie\u00dfen (EBHC) der IFAA. Das 3D Sportevent f\u00fcr alle Bogensch\u00fctzen die Turniere m\u00f6gen. Erfahre mehr \u00fcber das Event.\",\"breadcrumb\":{\"@id\":\"https:\/\/sfs-archery.de\/?page_id=363#breadcrumb\"},\"inLanguage\":\"de\",\"potentialAction\":[{\"@type\":\"ReadAction\",\"target\":[\"https:\/\/sfs-archery.de\/?page_id=363\"]}]},{\"@type\":\"BreadcrumbList\",\"@id\":\"https:\/\/sfs-archery.de\/?page_id=363#breadcrumb\",\"itemListElement\":[{\"@type\":\"ListItem\",\"position\":1,\"name\":\"Startseite\",\"item\":\"https:\/\/sfs-archery.de\/\"},{\"@type\":\"ListItem\",\"position\":2,\"name\":\"Internationale Turniere\",\"item\":\"https:\/\/sfs-archery.de\/?page_id=1548\"},{\"@type\":\"ListItem\",\"position\":3,\"name\":\"EBHC 2020 in Frankreich (EBHC \/20202022)\"}]},{\"@type\":\"WebSite\",\"@id\":\"https:\/\/sfs-archery.de\/#website\",\"url\":\"https:\/\/sfs-archery.de\/\",\"name\":\"sfs-archery -Erlebnis Bogenschie\u00dfen-\",\"description\":\"Bogensport, Fitness, Training im Bogenschie\u00dfen und Turniere.\",\"publisher\":{\"@id\":\"https:\/\/sfs-archery.de\/#\/schema\/person\/35ed9e01696e805ee8db0b4d9bf4b52c\"},\"potentialAction\":[{\"@type\":\"SearchAction\",\"target\":{\"@type\":\"EntryPoint\",\"urlTemplate\":\"https:\/\/sfs-archery.de\/?s={search_term_string}\"},\"query-input\":{\"@type\":\"PropertyValueSpecification\",\"valueRequired\":true,\"valueName\":\"search_term_string\"}}],\"inLanguage\":\"de\"},{\"@type\":[\"Person\",\"Organization\"],\"@id\":\"https:\/\/sfs-archery.de\/#\/schema\/person\/35ed9e01696e805ee8db0b4d9bf4b52c\",\"name\":\"S\u00f6ren Spieckermann\",\"image\":{\"@type\":\"ImageObject\",\"inLanguage\":\"de\",\"@id\":\"https:\/\/sfs-archery.de\/#\/schema\/person\/image\/\",\"url\":\"https:\/\/sfs-archery.de\/wp-content\/uploads\/2020\/04\/IMG_20200308_095903_edited.jpg\",\"contentUrl\":\"https:\/\/sfs-archery.de\/wp-content\/uploads\/2020\/04\/IMG_20200308_095903_edited.jpg\",\"width\":1500,\"height\":1500,\"caption\":\"S\u00f6ren Spieckermann\"},\"logo\":{\"@id\":\"https:\/\/sfs-archery.de\/#\/schema\/person\/image\/\"},\"description\":\"S\u00f6ren Spieckermann besch\u00e4ftigt sich seit 2014 mit dem Bogensport. Er ist Mitglied im Bogensch\u00fctzenclub Neckargerach und nimmt an nationalen und internationalen Turnieren (IFAA) teil. Der Schwerpunkt seiner Ver\u00f6ffentlichungen liegt auf dem 3D Bogenschie\u00dfen, der Fitness im Bogensport, dem traditionellen Bogenschie\u00dfen und der Verbindung von Urlaub und Bogensport.. Neben dem Blog sfs-archery betreibt er die Internetseiten bogenurlaub-hohenlohe.de und blasrohrschiessen.de .\",\"sameAs\":[\"https:\/\/sfs-archery.de\/?page_id=69\"]}]}<\/script>\n<!-- \/ Yoast SEO plugin. -->","yoast_head_json":{"title":"Die EBHC der iFAA - sfs-archery -Erlebnis Bogenschie\u00dfen-","description":"Europameisterschaft im 3D Bogenschie\u00dfen (EBHC) der IFAA. Das 3D Sportevent f\u00fcr alle Bogensch\u00fctzen die Turniere m\u00f6gen. Erfahre mehr \u00fcber das Event.","robots":{"index":"index","follow":"follow","max-snippet":"max-snippet:-1","max-image-preview":"max-image-preview:large","max-video-preview":"max-video-preview:-1"},"canonical":"https:\/\/sfs-archery.de\/?page_id=363","og_locale":"de_DE","og_type":"article","og_title":"Die EBHC der iFAA - sfs-archery -Erlebnis Bogenschie\u00dfen-","og_description":"Europameisterschaft im 3D Bogenschie\u00dfen (EBHC) der IFAA. Das 3D Sportevent f\u00fcr alle Bogensch\u00fctzen die Turniere m\u00f6gen. Erfahre mehr \u00fcber das Event.","og_url":"https:\/\/sfs-archery.de\/?page_id=363","og_site_name":"sfs-archery -Erlebnis Bogenschie\u00dfen-","article_modified_time":"2021-05-31T12:30:26+00:00","twitter_card":"summary_large_image","twitter_misc":{"Gesch\u00e4tzte Lesezeit":"5\u00a0Minuten"},"schema":{"@context":"https:\/\/schema.org","@graph":[{"@type":"WebPage","@id":"https:\/\/sfs-archery.de\/?page_id=363","url":"https:\/\/sfs-archery.de\/?page_id=363","name":"Die EBHC der iFAA - sfs-archery -Erlebnis Bogenschie\u00dfen-","isPartOf":{"@id":"https:\/\/sfs-archery.de\/#website"},"datePublished":"2017-04-12T08:56:41+00:00","dateModified":"2021-05-31T12:30:26+00:00","description":"Europameisterschaft im 3D Bogenschie\u00dfen (EBHC) der IFAA. Das 3D Sportevent f\u00fcr alle Bogensch\u00fctzen die Turniere m\u00f6gen. Erfahre mehr \u00fcber das Event.","breadcrumb":{"@id":"https:\/\/sfs-archery.de\/?page_id=363#breadcrumb"},"inLanguage":"de","potentialAction":[{"@type":"ReadAction","target":["https:\/\/sfs-archery.de\/?page_id=363"]}]},{"@type":"BreadcrumbList","@id":"https:\/\/sfs-archery.de\/?page_id=363#breadcrumb","itemListElement":[{"@type":"ListItem","position":1,"name":"Startseite","item":"https:\/\/sfs-archery.de\/"},{"@type":"ListItem","position":2,"name":"Internationale Turniere","item":"https:\/\/sfs-archery.de\/?page_id=1548"},{"@type":"ListItem","position":3,"name":"EBHC 2020 in Frankreich (EBHC \/20202022)"}]},{"@type":"WebSite","@id":"https:\/\/sfs-archery.de\/#website","url":"https:\/\/sfs-archery.de\/","name":"sfs-archery -Erlebnis Bogenschie\u00dfen-","description":"Bogensport, Fitness, Training im Bogenschie\u00dfen und Turniere.","publisher":{"@id":"https:\/\/sfs-archery.de\/#\/schema\/person\/35ed9e01696e805ee8db0b4d9bf4b52c"},"potentialAction":[{"@type":"SearchAction","target":{"@type":"EntryPoint","urlTemplate":"https:\/\/sfs-archery.de\/?s={search_term_string}"},"query-input":{"@type":"PropertyValueSpecification","valueRequired":true,"valueName":"search_term_string"}}],"inLanguage":"de"},{"@type":["Person","Organization"],"@id":"https:\/\/sfs-archery.de\/#\/schema\/person\/35ed9e01696e805ee8db0b4d9bf4b52c","name":"S\u00f6ren Spieckermann","image":{"@type":"ImageObject","inLanguage":"de","@id":"https:\/\/sfs-archery.de\/#\/schema\/person\/image\/","url":"https:\/\/sfs-archery.de\/wp-content\/uploads\/2020\/04\/IMG_20200308_095903_edited.jpg","contentUrl":"https:\/\/sfs-archery.de\/wp-content\/uploads\/2020\/04\/IMG_20200308_095903_edited.jpg","width":1500,"height":1500,"caption":"S\u00f6ren Spieckermann"},"logo":{"@id":"https:\/\/sfs-archery.de\/#\/schema\/person\/image\/"},"description":"S\u00f6ren Spieckermann besch\u00e4ftigt sich seit 2014 mit dem Bogensport. Er ist Mitglied im Bogensch\u00fctzenclub Neckargerach und nimmt an nationalen und internationalen Turnieren (IFAA) teil. Der Schwerpunkt seiner Ver\u00f6ffentlichungen liegt auf dem 3D Bogenschie\u00dfen, der Fitness im Bogensport, dem traditionellen Bogenschie\u00dfen und der Verbindung von Urlaub und Bogensport.. Neben dem Blog sfs-archery betreibt er die Internetseiten bogenurlaub-hohenlohe.de und blasrohrschiessen.de .","sameAs":["https:\/\/sfs-archery.de\/?page_id=69"]}]}},"_links":{"self":[{"href":"https:\/\/sfs-archery.de\/index.php?rest_route=\/wp\/v2\/pages\/363","targetHints":{"allow":["GET"]}}],"collection":[{"href":"https:\/\/sfs-archery.de\/index.php?rest_route=\/wp\/v2\/pages"}],"about":[{"href":"https:\/\/sfs-archery.de\/index.php?rest_route=\/wp\/v2\/types\/page"}],"author":[{"embeddable":true,"href":"https:\/\/sfs-archery.de\/index.php?rest_route=\/wp\/v2\/users\/1"}],"replies":[{"embeddable":true,"href":"https:\/\/sfs-archery.de\/index.php?rest_route=%2Fwp%2Fv2%2Fcomments&post=363"}],"version-history":[{"count":68,"href":"https:\/\/sfs-archery.de\/index.php?rest_route=\/wp\/v2\/pages\/363\/revisions"}],"predecessor-version":[{"id":4043,"href":"https:\/\/sfs-archery.de\/index.php?rest_route=\/wp\/v2\/pages\/363\/revisions\/4043"}],"up":[{"embeddable":true,"href":"https:\/\/sfs-archery.de\/index.php?rest_route=\/wp\/v2\/pages\/1548"}],"wp:attachment":[{"href":"https:\/\/sfs-archery.de\/index.php?rest_route=%2Fwp%2Fv2%2Fmedia&parent=363"}],"curies":[{"name":"wp","href":"https:\/\/api.w.org\/{rel}","templated":true}]}}