{"id":43,"date":"2015-01-03T13:35:01","date_gmt":"2015-01-03T13:35:01","guid":{"rendered":"http:\/\/sfs-archery.de\/?page_id=43"},"modified":"2020-07-14T09:35:36","modified_gmt":"2020-07-14T07:35:36","slug":"3d-bogenparcour","status":"publish","type":"page","link":"https:\/\/sfs-archery.de\/?page_id=43","title":{"rendered":"3D Bogenparcours"},"content":{"rendered":"<h1>HINWEIS<\/h1>\n<p><strong>Diese Seite ist veraltet. Bitte besuchen Sie die neue Seite <a href=\"http:\/\/3D Bogenparcours\">https:\/\/sfs-archery.de\/?page_id=2123<\/a><\/strong><\/p>\n<h1>Bogenschie\u00dfen in freier Natur<\/h1>\n<p>Ein Aspekt des Bogenschie\u00dfens in freier Natur ist der Besuch eines 3D-Bogenparcours.<\/p>\n<p>Ein Bogenparcours stellt eine Wegstrecke, meist eine kleine Rundwanderung, dar, auf der an unterschiedlichen Stellen auf Schaumstofftiere geschossen wird. Dabei wird versucht eine Jagd m\u00f6glichst gut nachzuempfinden. Es wird auf unterschiedliche Distanzen, bergauf und bergab wie auch aus unterschiedlichen Standpositionen (stehen, kniend,&#8230;) geschossen.<\/p>\n<p>Ich m\u00f6chte euch hier eine kleine Parcourliste vorstellen. Die Liste ist sicher nicht vollst\u00e4ndig, und sie nimmt nicht in Anspruch vollkommen korrekt zu sein. (obwohl nach bestem Wissen recherchiert)<\/p>\n<p>Die Blogbeitr\u00e4ge zu den Bogenparcours (Vorstellungen,&#8230;) sind \u00fcber die Blogkategorie &#8222;Bogenparcours&#8220; zusammengefasst.<br \/>\nLink: <a href=\"http:\/\/sfs-archery.de\/?cat=9\">Blogkategorie Bogenparcours<\/a><\/p>\n<p>Wenn Ihr ein Parcours besuchen wollt, dann Informiert euch auf dessen Internetseite oder Verantwortlichen \u00fcber die Details (\u00d6ffnungszeiten, Bedingungen,&#8230;.)<\/p>\n<p>Wenn Ihr noch einen Parcours kennt der hier nicht aufgef\u00fchrt ist, dann bitte eine Info an mich. Ich werde den Parcours dann in die Liste aufnehmen.<\/p>\n<h2>Liste von Parcours<\/h2>\n<p>&nbsp;<\/p>\n<h3>Pers\u00f6nlich besuchte Parcours<\/h3>\n<blockquote><p><strong style=\"line-height: 1.5;\">Ox-Bow Bogenparcours<br \/>\n<\/strong>Jochem Vogt<br \/>\nStolzenhof 3 ,\u00a074249 Jagsthausen<br \/>\nTel. 07943 &#8211; 942240 ;\u00a0Mobil 0151 \u2013 43238925<br \/>\nInternet: <a title=\"http:\/\/www.ox-bow.de\" href=\"http:\/\/www.ox-bow.de\" target=\"_blank\" rel=\"noopener noreferrer\">http:\/\/www.ox-bow.de<\/a><br \/>\nEmail: <a href=\"mailto:mail@ox-bow.de\" target=\"_blank\" rel=\"noopener noreferrer\">mail@ox-bow.de<\/a><br \/>\nParcoursbericht hier im Blog: <a href=\"http:\/\/sfs-archery.de\/?p=135\" target=\"_blank\" rel=\"noopener noreferrer\">http:\/\/sfs-archery.de\/?p=135<\/a><\/p><\/blockquote>\n<blockquote><p><strong>Traditioneller Bogenparcours Hohenlohe<\/strong><br \/>\nEberhard Mugler<br \/>\nIm Fels 11, 74653 Ingelfingen<br \/>\nTel.: 06294 4288835<br \/>\nInternet: <a title=\"http:\/\/www.bogenparcours-hohenlohe.de\" href=\"http:\/\/www.bogenparcours-hohenlohe.de\" target=\"_blank\" rel=\"noopener noreferrer\">http:\/\/www.bogenparcours-hohenlohe.de<\/a> ;<\/p>\n<p>Email: info@bogenparcours-hohenlohe.de<br \/>\nParcoursbericht hier im Blog: <a href=\"http:\/\/sfs-archery.de\/?p=129\" target=\"_blank\" rel=\"noopener noreferrer\">http:\/\/sfs-archery.de\/?p=129<\/a><\/p><\/blockquote>\n<blockquote><p><strong>Burgbergparcours des Sch\u00fctzenvereins Eckartshausen<\/strong><br \/>\nSch\u00fctzenverein Eckartshausen e.V.\/ Sch\u00fctzenstra\u00dfe 41 \/ 74532 Ilshofen<br \/>\nInternet: <a title=\"https:\/\/www.sveckartshausen1930ev.de\/bogenparcours\/\" href=\"https:\/\/www.sveckartshausen1930ev.de\/bogenparcours\/\" target=\"_blank\" rel=\"noopener noreferrer\">https:\/\/www.sveckartshausen1930ev.de\/bogenparcours\/<\/a> ;<\/p>\n<p>Email: SV.Eckartshausen@gmx.de<br \/>\nParcoursbericht hier im Blog: <a href=\"http:\/\/sfs-archery.de\/?p=831\" target=\"_blank\" rel=\"noopener noreferrer\">http:\/\/sfs-archery.de\/?p=831<\/a><\/p><\/blockquote>\n<blockquote><p><strong>Saurier Park<br \/>\n<\/strong>\u00a0Bogenabenteuer e.V<br \/>\nJakobsberg 3,\u00a073577 Ruppertshofen<br \/>\nTel.:\u00a007176-<wbr \/>4545949<br \/>\nInternet:\u00a0<a href=\"http:\/\/www.saurier-park.de\/\" target=\"_blank\" rel=\"noopener noreferrer\">http:\/\/www.saurier-park.de\/<\/a>\u00a0; Email:\u00a0<a href=\"mailto:eisenbachsee@gmx.de\" target=\"_blank\" rel=\"noopener noreferrer\">eisenbachsee@gmx.de<\/a><br \/>\nParcoursbericht hier im Blog: <a href=\"http:\/\/sfs-archery.de\/?p=102\" target=\"_blank\" rel=\"noopener noreferrer\">http:\/\/sfs-archery.de\/?p=102<\/a><\/p><\/blockquote>\n<blockquote><p><strong>Bogenparcours Collenberg<br \/>\n<\/strong> Kleinkalibersch\u00fctzenverein Fechenbach e. V.<br \/>\nNeum\u00fchle 1, 97903 Collenberg<br \/>\nInternet: <a href=\"http:\/\/www.bogenparcours-collenberg.de\/\" target=\"_blank\" rel=\"noopener noreferrer\">http:\/\/www.bogenparcours-collenberg.de\/<\/a> ; Email: <a href=\"mailto:vorstand@kksv-fechenbach.de\" target=\"_blank\" rel=\"noopener noreferrer\">vorstand@kksv-fechenbach.de<\/a><br \/>\nParcoursbericht hier im Blog: <a href=\"http:\/\/sfs-archery.de\/?p=195\" target=\"_blank\" rel=\"noopener noreferrer\">http:\/\/sfs-archery.de\/?p=195<\/a><\/p><\/blockquote>\n<blockquote><p><strong>Drachengrube<br \/>\n<\/strong> 3D &#8211; Trainingsparcours der Drachengrube Ravensburg<br \/>\nSontheimerweg 1, 88250 Weingarten<br \/>\nTel.: 0751 \/ wbr \/&gt;33088<br \/>\nInternet: <a href=\"http:\/\/www.bogensport-ravensburg.de\/index.php\/parcours\" target=\"_blank\" rel=\"noopener noreferrer\">http:\/\/www.bogensport-ravensburg.de\/index.php\/parcours<\/a><br \/>\nParcoursbericht hier im Blog: <a href=\"http:\/\/sfs-archery.de\/?p=150\" target=\"_blank\" rel=\"noopener noreferrer\">http:\/\/sfs-archery.de\/?p=150<\/a><\/p><\/blockquote>\n<blockquote><p><strong>Bogenparcours Schaumberg<br \/>\n<\/strong><br \/>\nAm Erlebnisbad 1, 66636 Tholey<br \/>\nInternet: <a href=\"https:\/\/www.dk-bowfactory.de\/schaumberger-bogensport-parcours\" target=\"_blank\" rel=\"noopener noreferrer\">https:\/\/www.dk-bowfactory.de\/schaumberger-bogensport-parcours\/<\/a><br \/>\nParcoursbericht hier im Blog: <a href=\"http:\/\/sfs-archery.de\/?p=898\" target=\"_blank\" rel=\"noopener noreferrer\">http:\/\/sfs-archery.de\/?p=898<\/a><\/p><\/blockquote>\n<blockquote><p><strong>abenteuer-bogenschiessen.de<br \/>\n<\/strong>Bogensportanlage Toren Mikat<br \/>\nAn den Sandgruben, 33334 G\u00fctersloh<br \/>\nTel.: 01522-9234054<br \/>\nInternet: <a href=\"http:\/\/abenteuer-bogenschiessen.de\/\" target=\"_blank\" rel=\"noopener noreferrer\">http:\/\/abenteuer-bogenschiessen.de\/<\/a><br \/>\nParcoursbericht hier im Blog: <a href=\"http:\/\/sfs-archery.de\/?p=119\" target=\"_blank\" rel=\"noopener noreferrer\">http:\/\/sfs-archery.de\/?p=119<\/a><\/p><\/blockquote>\n<blockquote><p><strong style=\"line-height: 1.5;\">Bogenparcours Wuppertal<br \/>\n<\/strong><br \/>\nHomanndamm 30<br \/>\n42327 Wuppertal<br \/>\nInternet: <a title=\"http:\/\/www.jbc-wuppertal.de\/parcours.html\" href=\"http:\/\/www.jbc-wuppertal.de\/parcours.html\" target=\"_blank\" rel=\"noopener noreferrer\">http:\/\/www.jbc-wuppertal.de\/parcours.html<\/a><br \/>\nEmail: <a href=\"mailto:jbc.wuppertal@googlemail.com\" target=\"_blank\" rel=\"noopener noreferrer\">jbc.wuppertal@googlemail.com<\/a><br \/>\nParcoursbericht hier im Blog: <a href=\"http:\/\/http:\/\/sfs-archery.de\/?p=410\" target=\"_blank\" rel=\"noopener noreferrer\">http:\/\/sfs-archery.de\/?p=410<\/a><\/p><\/blockquote>\n<blockquote><p><strong style=\"line-height: 1.5;\">Bogenparcours Camburg<br \/>\n<\/strong><br \/>\nCamburger Bogensch\u00fctzen e.V.,\u00a007774 Camburg<br \/>\nInternet: <a title=\"http:\/\/camburger-bogenschuetzen.de\" href=\"http:\/\/camburger-bogenschuetzen.de\" target=\"_blank\" rel=\"noopener noreferrer\">http:\/\/camburger-bogenschuetzen.de<\/a><br \/>\nEmail: <a href=\"mailto:info@camburger-bogenschuetzen.de\" target=\"_blank\" rel=\"noopener noreferrer\">info@camburger-bogenschuetzen.de<\/a><br \/>\nParcoursbericht hier im Blog: <a href=\"http:\/\/sfs-archery.de\/?p=468\" target=\"_blank\" rel=\"noopener noreferrer\">http:\/\/sfs-archery.de\/?p=468<\/a><\/p><\/blockquote>\n<blockquote><p><strong>Pfeil &amp; Bogen &#8211; Abenteuer Bogenschie\u00dfen Schlichemtal<\/strong><br \/>\nLothar &amp; Heidrun Obert<br \/>\nInselstra\u00dfe 5, 72355 Sch\u00f6mberg<br \/>\nMobil:.: 0171 &#8211; 52 86 205<br \/>\nInternet: <a title=\"http:\/\/www.pfeil-bogen-schlichemtal.de\/3d-parcours\/\" href=\"http:\/\/www.pfeil-bogen-schlichemtal.de\/3d-parcours\/\" target=\"_blank\" rel=\"noopener noreferrer\">http:\/\/www.pfeil-bogen-schlichemtal.de\/3d-parcours\/<\/a><br \/>\nEmail: info@pfeil-bogen-schlichemtal.de<br \/>\nParcoursbericht hier im Blog: <a href=\"http:\/\/sfs-archery.de\/?p=456\">http:\/\/sfs-archery.de\/?p=456<\/a><\/p><\/blockquote>\n<blockquote><p><strong>Bogenparcours des Sch\u00fctzenvereins Eschau<\/strong><br \/>\nSch\u00fctzenverein Eschau\/ Wildensteiner Stra\u00dfe \/ 63863 Eschau<br \/>\nInternet: <a title=\"http:\/\/www.schuetzen-eschau.de\/\" href=\"http:\/\/www.schuetzen-eschau.de\/\" target=\"_blank\" rel=\"noopener noreferrer\">http:\/\/www.schuetzen-eschau.de\/<\/a> ;<\/p>\n<p>Parcoursbericht hier im Blog: <a href=\"http:\/\/sfs-archery.de\/?p=923\" target=\"_blank\" rel=\"noopener noreferrer\">http:\/\/sfs-archery.de\/?p=923<\/a><\/p><\/blockquote>\n<blockquote><p><strong style=\"line-height: 1.5;\">BSV Kremstal<br \/>\n<\/strong>BSV Kremstal, G\u00f6ritz 42, 4542 Nu\u00dfbach (\u00d6sterreich)<br \/>\nInternet: <a title=\"http:\/\/www.bsv-kremstal.at\/index.php\/parcours\" href=\"http:\/\/www.bsv-kremstal.at\/index.php\/parcours\" target=\"_blank\" rel=\"noopener noreferrer\">http:\/\/www.bsv-kremstal.at\/index.php\/parcours<\/a><br \/>\nEmail: <a href=\"mailto:obmann@bsv-kremstal.at\" target=\"_blank\" rel=\"noopener noreferrer\">obmann@bsv-kremstal.at<\/a><br \/>\nParcoursbericht hier im Blog: <a href=\"http:\/\/sfs-archery.de\/?p=559\" target=\"_blank\" rel=\"noopener noreferrer\">http:\/\/sfs-archery.de\/?p=559<\/a><\/p><\/blockquote>\n<blockquote><p><strong style=\"line-height: 1.5;\">Bogensportzentrum Breitenstein<br \/>\n<\/strong>Am Breitenstein 11, 4202 Kirchschlag bei Linz (\u00d6sterreich)<br \/>\nInternet: <a title=\"http:\/\/http:\/\/www.bogensport-zentrum.at\" href=\"http:\/\/www.bogensport-zentrum.at\" target=\"_blank\" rel=\"noopener noreferrer\">http:\/\/www.bogensport-zentrum.at<\/a><br \/>\nEmail: <a href=\"mailto:bogensport@bogensport-zentrum.at\" target=\"_blank\" rel=\"noopener noreferrer\">bogensport@bogensport-zentrum.at<\/a><br \/>\nParcoursbericht hier im Blog: <a href=\"http:\/\/sfs-archery.de\/?p=574\" target=\"_blank\" rel=\"noopener noreferrer\">http:\/\/sfs-archery.de\/?p=574<\/a><\/p><\/blockquote>\n<blockquote><p><strong style=\"line-height: 1.5;\">Bogensport Schneeberger<br \/>\n<\/strong>Im Forst 19, 4225 Luftenberg (\u00d6sterreich)<br \/>\nInternet: <a title=\"http:\/\/bogensportschneeberger.simdif.com\/index.html\" href=\"http:\/\/bogensportschneeberger.simdif.com\/index.html\" target=\"_blank\" rel=\"noopener noreferrer\">http:\/\/bogensportschneeberger.simdif.com\/index.html<\/a><br \/>\nEmail: <a href=\"mailto:office@schneebergerstueberl.at\" target=\"_blank\" rel=\"noopener noreferrer\">office@schneebergerstueberl.at<\/a><br \/>\nParcoursbericht hier im Blog: <a href=\"http:\/\/sfs-archery.de\/?p=588\" target=\"_blank\" rel=\"noopener noreferrer\">http:\/\/sfs-archery.de\/?p=588<\/a><\/p><\/blockquote>\n<h3>Von mir noch nicht besuchte Parcours<\/h3>\n<blockquote><p><strong>BSV Donzdorf<\/strong><br \/>\nBSV Donzdorf<br \/>\nRalf Haas<br \/>\nIm M\u00f6ssel 2, 73072 Donzdorf<br \/>\nMobil:.: 0151-15316812<br \/>\nInternet: <a title=\"http:\/\/www.bsv-donzdorf.de\/pages\/parcours.php\" href=\"http:\/\/www.bsv-donzdorf.de\/pages\/parcours.php\" target=\"_blank\" rel=\"noopener noreferrer\">http:\/\/www.bsv-donzdorf.de\/pages\/parcours.php<\/a> ;<\/p><\/blockquote>\n<h3>Parcours-Karte<\/h3>\n<p>[wpgmza id=&#8220;1&#8243;]<\/p>\n","protected":false},"excerpt":{"rendered":"<p>HINWEIS Diese Seite ist veraltet. Bitte besuchen Sie die neue Seite https:\/\/sfs-archery.de\/?page_id=2123 Bogenschie\u00dfen in freier Natur Ein Aspekt des Bogenschie\u00dfens in freier Natur ist der Besuch eines 3D-Bogenparcours. Ein Bogenparcours stellt eine Wegstrecke, meist eine kleine Rundwanderung, dar, auf der [&hellip;]<\/p>\n","protected":false},"author":1,"featured_media":439,"parent":0,"menu_order":0,"comment_status":"open","ping_status":"open","template":"","meta":{"footnotes":""},"class_list":["post-43","page","type-page","status-publish","has-post-thumbnail","hentry","post","post-with-thumbnail","post-with-thumbnail-large"],"yoast_head":"<!-- This site is optimized with the Yoast SEO plugin v26.8 - https:\/\/yoast.com\/product\/yoast-seo-wordpress\/ -->\n<title>3D Bogenparcours - sfs-archery -Erlebnis Bogenschie\u00dfen-<\/title>\n<meta name=\"robots\" content=\"index, follow, max-snippet:-1, max-image-preview:large, max-video-preview:-1\" \/>\n<link rel=\"canonical\" href=\"https:\/\/sfs-archery.de\/?page_id=2123\" \/>\n<meta property=\"og:locale\" content=\"de_DE\" \/>\n<meta property=\"og:type\" content=\"article\" \/>\n<meta property=\"og:title\" content=\"3D Bogenparcours - sfs-archery -Erlebnis Bogenschie\u00dfen-\" \/>\n<meta property=\"og:description\" content=\"HINWEIS Diese Seite ist veraltet. Bitte besuchen Sie die neue Seite https:\/\/sfs-archery.de\/?page_id=2123 Bogenschie\u00dfen in freier Natur Ein Aspekt des Bogenschie\u00dfens in freier Natur ist der Besuch eines 3D-Bogenparcours. Ein Bogenparcours stellt eine Wegstrecke, meist eine kleine Rundwanderung, dar, auf der [&hellip;]\" \/>\n<meta property=\"og:url\" content=\"https:\/\/sfs-archery.de\/?page_id=2123\" \/>\n<meta property=\"og:site_name\" content=\"sfs-archery -Erlebnis Bogenschie\u00dfen-\" \/>\n<meta property=\"article:modified_time\" content=\"2020-07-14T07:35:36+00:00\" \/>\n<meta property=\"og:image\" content=\"https:\/\/sfs-archery.de\/wp-content\/uploads\/2017\/05\/IMG_20170521_080703-01-1024x768.jpeg\" \/>\n\t<meta property=\"og:image:width\" content=\"1024\" \/>\n\t<meta property=\"og:image:height\" content=\"768\" \/>\n\t<meta property=\"og:image:type\" content=\"image\/jpeg\" \/>\n<meta name=\"twitter:card\" content=\"summary_large_image\" \/>\n<meta name=\"twitter:label1\" content=\"Gesch\u00e4tzte Lesezeit\" \/>\n\t<meta name=\"twitter:data1\" content=\"3\u00a0Minuten\" \/>\n<script type=\"application\/ld+json\" class=\"yoast-schema-graph\">{\"@context\":\"https:\/\/schema.org\",\"@graph\":[{\"@type\":\"WebPage\",\"@id\":\"https:\/\/sfs-archery.de\/?page_id=43\",\"url\":\"https:\/\/sfs-archery.de\/?page_id=2123\",\"name\":\"3D Bogenparcours - sfs-archery -Erlebnis Bogenschie\u00dfen-\",\"isPartOf\":{\"@id\":\"https:\/\/sfs-archery.de\/#website\"},\"primaryImageOfPage\":{\"@id\":\"https:\/\/sfs-archery.de\/?page_id=2123#primaryimage\"},\"image\":{\"@id\":\"https:\/\/sfs-archery.de\/?page_id=2123#primaryimage\"},\"thumbnailUrl\":\"https:\/\/sfs-archery.de\/wp-content\/uploads\/2017\/05\/IMG_20170521_080703-01.jpeg\",\"datePublished\":\"2015-01-03T13:35:01+00:00\",\"dateModified\":\"2020-07-14T07:35:36+00:00\",\"breadcrumb\":{\"@id\":\"https:\/\/sfs-archery.de\/?page_id=2123#breadcrumb\"},\"inLanguage\":\"de\",\"potentialAction\":[{\"@type\":\"ReadAction\",\"target\":[\"https:\/\/sfs-archery.de\/?page_id=2123\"]}]},{\"@type\":\"ImageObject\",\"inLanguage\":\"de\",\"@id\":\"https:\/\/sfs-archery.de\/?page_id=2123#primaryimage\",\"url\":\"https:\/\/sfs-archery.de\/wp-content\/uploads\/2017\/05\/IMG_20170521_080703-01.jpeg\",\"contentUrl\":\"https:\/\/sfs-archery.de\/wp-content\/uploads\/2017\/05\/IMG_20170521_080703-01.jpeg\",\"width\":3264,\"height\":2448,\"caption\":\"Bogenparcours Saurier-Park 21.5.17\"},{\"@type\":\"BreadcrumbList\",\"@id\":\"https:\/\/sfs-archery.de\/?page_id=2123#breadcrumb\",\"itemListElement\":[{\"@type\":\"ListItem\",\"position\":1,\"name\":\"Startseite\",\"item\":\"https:\/\/sfs-archery.de\/\"},{\"@type\":\"ListItem\",\"position\":2,\"name\":\"3D Bogenparcours\"}]},{\"@type\":\"WebSite\",\"@id\":\"https:\/\/sfs-archery.de\/#website\",\"url\":\"https:\/\/sfs-archery.de\/\",\"name\":\"sfs-archery -Erlebnis Bogenschie\u00dfen-\",\"description\":\"Bogensport, Fitness, Training im Bogenschie\u00dfen und Turniere.\",\"publisher\":{\"@id\":\"https:\/\/sfs-archery.de\/#\/schema\/person\/35ed9e01696e805ee8db0b4d9bf4b52c\"},\"potentialAction\":[{\"@type\":\"SearchAction\",\"target\":{\"@type\":\"EntryPoint\",\"urlTemplate\":\"https:\/\/sfs-archery.de\/?s={search_term_string}\"},\"query-input\":{\"@type\":\"PropertyValueSpecification\",\"valueRequired\":true,\"valueName\":\"search_term_string\"}}],\"inLanguage\":\"de\"},{\"@type\":[\"Person\",\"Organization\"],\"@id\":\"https:\/\/sfs-archery.de\/#\/schema\/person\/35ed9e01696e805ee8db0b4d9bf4b52c\",\"name\":\"S\u00f6ren Spieckermann\",\"image\":{\"@type\":\"ImageObject\",\"inLanguage\":\"de\",\"@id\":\"https:\/\/sfs-archery.de\/#\/schema\/person\/image\/\",\"url\":\"https:\/\/sfs-archery.de\/wp-content\/uploads\/2020\/04\/IMG_20200308_095903_edited.jpg\",\"contentUrl\":\"https:\/\/sfs-archery.de\/wp-content\/uploads\/2020\/04\/IMG_20200308_095903_edited.jpg\",\"width\":1500,\"height\":1500,\"caption\":\"S\u00f6ren Spieckermann\"},\"logo\":{\"@id\":\"https:\/\/sfs-archery.de\/#\/schema\/person\/image\/\"},\"description\":\"S\u00f6ren Spieckermann besch\u00e4ftigt sich seit 2014 mit dem Bogensport. Er ist Mitglied im Bogensch\u00fctzenclub Neckargerach und nimmt an nationalen und internationalen Turnieren (IFAA) teil. Der Schwerpunkt seiner Ver\u00f6ffentlichungen liegt auf dem 3D Bogenschie\u00dfen, der Fitness im Bogensport, dem traditionellen Bogenschie\u00dfen und der Verbindung von Urlaub und Bogensport.. Neben dem Blog sfs-archery betreibt er die Internetseiten bogenurlaub-hohenlohe.de und blasrohrschiessen.de .\",\"sameAs\":[\"https:\/\/sfs-archery.de\/?page_id=69\"]}]}<\/script>\n<!-- \/ Yoast SEO plugin. -->","yoast_head_json":{"title":"3D Bogenparcours - sfs-archery -Erlebnis Bogenschie\u00dfen-","robots":{"index":"index","follow":"follow","max-snippet":"max-snippet:-1","max-image-preview":"max-image-preview:large","max-video-preview":"max-video-preview:-1"},"canonical":"https:\/\/sfs-archery.de\/?page_id=2123","og_locale":"de_DE","og_type":"article","og_title":"3D Bogenparcours - sfs-archery -Erlebnis Bogenschie\u00dfen-","og_description":"HINWEIS Diese Seite ist veraltet. Bitte besuchen Sie die neue Seite https:\/\/sfs-archery.de\/?page_id=2123 Bogenschie\u00dfen in freier Natur Ein Aspekt des Bogenschie\u00dfens in freier Natur ist der Besuch eines 3D-Bogenparcours. Ein Bogenparcours stellt eine Wegstrecke, meist eine kleine Rundwanderung, dar, auf der [&hellip;]","og_url":"https:\/\/sfs-archery.de\/?page_id=2123","og_site_name":"sfs-archery -Erlebnis Bogenschie\u00dfen-","article_modified_time":"2020-07-14T07:35:36+00:00","og_image":[{"width":1024,"height":768,"url":"https:\/\/sfs-archery.de\/wp-content\/uploads\/2017\/05\/IMG_20170521_080703-01-1024x768.jpeg","type":"image\/jpeg"}],"twitter_card":"summary_large_image","twitter_misc":{"Gesch\u00e4tzte Lesezeit":"3\u00a0Minuten"},"schema":{"@context":"https:\/\/schema.org","@graph":[{"@type":"WebPage","@id":"https:\/\/sfs-archery.de\/?page_id=43","url":"https:\/\/sfs-archery.de\/?page_id=2123","name":"3D Bogenparcours - sfs-archery -Erlebnis Bogenschie\u00dfen-","isPartOf":{"@id":"https:\/\/sfs-archery.de\/#website"},"primaryImageOfPage":{"@id":"https:\/\/sfs-archery.de\/?page_id=2123#primaryimage"},"image":{"@id":"https:\/\/sfs-archery.de\/?page_id=2123#primaryimage"},"thumbnailUrl":"https:\/\/sfs-archery.de\/wp-content\/uploads\/2017\/05\/IMG_20170521_080703-01.jpeg","datePublished":"2015-01-03T13:35:01+00:00","dateModified":"2020-07-14T07:35:36+00:00","breadcrumb":{"@id":"https:\/\/sfs-archery.de\/?page_id=2123#breadcrumb"},"inLanguage":"de","potentialAction":[{"@type":"ReadAction","target":["https:\/\/sfs-archery.de\/?page_id=2123"]}]},{"@type":"ImageObject","inLanguage":"de","@id":"https:\/\/sfs-archery.de\/?page_id=2123#primaryimage","url":"https:\/\/sfs-archery.de\/wp-content\/uploads\/2017\/05\/IMG_20170521_080703-01.jpeg","contentUrl":"https:\/\/sfs-archery.de\/wp-content\/uploads\/2017\/05\/IMG_20170521_080703-01.jpeg","width":3264,"height":2448,"caption":"Bogenparcours Saurier-Park 21.5.17"},{"@type":"BreadcrumbList","@id":"https:\/\/sfs-archery.de\/?page_id=2123#breadcrumb","itemListElement":[{"@type":"ListItem","position":1,"name":"Startseite","item":"https:\/\/sfs-archery.de\/"},{"@type":"ListItem","position":2,"name":"3D Bogenparcours"}]},{"@type":"WebSite","@id":"https:\/\/sfs-archery.de\/#website","url":"https:\/\/sfs-archery.de\/","name":"sfs-archery -Erlebnis Bogenschie\u00dfen-","description":"Bogensport, Fitness, Training im Bogenschie\u00dfen und Turniere.","publisher":{"@id":"https:\/\/sfs-archery.de\/#\/schema\/person\/35ed9e01696e805ee8db0b4d9bf4b52c"},"potentialAction":[{"@type":"SearchAction","target":{"@type":"EntryPoint","urlTemplate":"https:\/\/sfs-archery.de\/?s={search_term_string}"},"query-input":{"@type":"PropertyValueSpecification","valueRequired":true,"valueName":"search_term_string"}}],"inLanguage":"de"},{"@type":["Person","Organization"],"@id":"https:\/\/sfs-archery.de\/#\/schema\/person\/35ed9e01696e805ee8db0b4d9bf4b52c","name":"S\u00f6ren Spieckermann","image":{"@type":"ImageObject","inLanguage":"de","@id":"https:\/\/sfs-archery.de\/#\/schema\/person\/image\/","url":"https:\/\/sfs-archery.de\/wp-content\/uploads\/2020\/04\/IMG_20200308_095903_edited.jpg","contentUrl":"https:\/\/sfs-archery.de\/wp-content\/uploads\/2020\/04\/IMG_20200308_095903_edited.jpg","width":1500,"height":1500,"caption":"S\u00f6ren Spieckermann"},"logo":{"@id":"https:\/\/sfs-archery.de\/#\/schema\/person\/image\/"},"description":"S\u00f6ren Spieckermann besch\u00e4ftigt sich seit 2014 mit dem Bogensport. Er ist Mitglied im Bogensch\u00fctzenclub Neckargerach und nimmt an nationalen und internationalen Turnieren (IFAA) teil. Der Schwerpunkt seiner Ver\u00f6ffentlichungen liegt auf dem 3D Bogenschie\u00dfen, der Fitness im Bogensport, dem traditionellen Bogenschie\u00dfen und der Verbindung von Urlaub und Bogensport.. Neben dem Blog sfs-archery betreibt er die Internetseiten bogenurlaub-hohenlohe.de und blasrohrschiessen.de .","sameAs":["https:\/\/sfs-archery.de\/?page_id=69"]}]}},"_links":{"self":[{"href":"https:\/\/sfs-archery.de\/index.php?rest_route=\/wp\/v2\/pages\/43","targetHints":{"allow":["GET"]}}],"collection":[{"href":"https:\/\/sfs-archery.de\/index.php?rest_route=\/wp\/v2\/pages"}],"about":[{"href":"https:\/\/sfs-archery.de\/index.php?rest_route=\/wp\/v2\/types\/page"}],"author":[{"embeddable":true,"href":"https:\/\/sfs-archery.de\/index.php?rest_route=\/wp\/v2\/users\/1"}],"replies":[{"embeddable":true,"href":"https:\/\/sfs-archery.de\/index.php?rest_route=%2Fwp%2Fv2%2Fcomments&post=43"}],"version-history":[{"count":39,"href":"https:\/\/sfs-archery.de\/index.php?rest_route=\/wp\/v2\/pages\/43\/revisions"}],"predecessor-version":[{"id":115,"href":"https:\/\/sfs-archery.de\/index.php?rest_route=\/wp\/v2\/pages\/43\/revisions\/115"}],"wp:featuredmedia":[{"embeddable":true,"href":"https:\/\/sfs-archery.de\/index.php?rest_route=\/wp\/v2\/media\/439"}],"wp:attachment":[{"href":"https:\/\/sfs-archery.de\/index.php?rest_route=%2Fwp%2Fv2%2Fmedia&parent=43"}],"curies":[{"name":"wp","href":"https:\/\/api.w.org\/{rel}","templated":true}]}}